{"id":8,"date":"2012-11-21T17:22:19","date_gmt":"2012-11-21T17:22:19","guid":{"rendered":"https:\/\/globaldialogues.org\/portugues\/?page_id=8"},"modified":"2013-01-11T21:50:22","modified_gmt":"2013-01-11T21:50:22","slug":"project-overview","status":"publish","type":"page","link":"https:\/\/globaldialogues.org\/portugues\/about-us\/project-overview\/","title":{"rendered":"Vis\u00e3o geral do projeto"},"content":{"rendered":"<p>O processo Global Dialogues, em expans\u00e3o e consolida\u00e7\u00e3o constantes desde o seu in\u00edcio, em 1997, inclui cinco componentes inter-relacionados que se refor\u00e7am mutuamente:<\/p>\n<p><strong>\n<a href=\"https:\/\/globaldialogues.org\/wp-content\/uploads\/2012\/09\/Global-Dialogues-PROCESS-photo.jpg\"><img loading=\"lazy\" decoding=\"async\" class=\"alignright size-medium wp-image-931\" src=\"https:\/\/globaldialogues.org\/wp-content\/uploads\/2012\/09\/Global-Dialogues-PROCESS-photo-300x225.jpg\" alt=\"Global Dialogues PROCESS photo\" width=\"300\" height=\"225\" \/><\/a>Voz dos jovens e mobiliza\u00e7\u00e3o social. <\/strong>As equipas de proximidade da Global Dialogues, ativas a n\u00edvel comunit\u00e1rio e online, envolvem os jovens em atividades inovadoras e participativas, destinadas a estimular e amplificar a voz da juventude. Em concursos internacionais, os jovens expressam-se ao criarem hist\u00f3rias ou narrativas, sobre quest\u00f5es de sa\u00fade globais ou outros t\u00f3picos de import\u00e2ncia crucial para o nosso mundo.<\/p>\n<p><strong>Media sociais para a mudan\u00e7a.\u00a0<\/strong>Atrav\u00e9s de uma colabora\u00e7\u00e3o criativa ou, como gostamos de dizer, da criatividade partilhada, as hist\u00f3rias dos jovens ganham vida como filmes ou representa\u00e7\u00f5es teatrais da Global Dialogues, disponibilizados em v\u00e1rias l\u00ednguas e distribu\u00eddos gratuitamente, a n\u00edvel comunit\u00e1rio, na Internet e via televis\u00e3o, alcan\u00e7ando centenas de milh\u00f5es de pessoas, todos os anos.<\/p>\n<p><strong>Cria\u00e7\u00e3o de um novo conhecimento sobre as perspetivas dos jovens, <\/strong>atrav\u00e9s da investiga\u00e7\u00e3o narrativa. As hist\u00f3rias criadas pelos jovens, nas atividades da Global Dialogues, s\u00e3o sistematicamente analisadas, para obter uma vis\u00e3o dos pensamentos e sentimentos, preocupa\u00e7\u00f5es e sonhos, desafios e solu\u00e7\u00f5es dos jovens.<\/p>\n<p><strong>Ativismo global e local.<\/strong>\u00a0As produ\u00e7\u00f5es art\u00edsticas da Global Dialogues, bem como o novo conhecimento obtido a partir da an\u00e1lise narrativa, s\u00e3o aplicados para melhorar pol\u00edticas e programas, a v\u00e1rios n\u00edveis.<\/p>\n<p><strong>Acompanhamento e avalia\u00e7\u00e3o rigorosos <\/strong>e uma partilha aberta das li\u00e7\u00f5es e dos resultados.<\/p>\n<p>Em todas as suas atividades, a equipa da Global Dialogues esfor\u00e7a-se por cultivar a empatia, a compaix\u00e3o e a uni\u00e3o na diversidade.<\/p>\n","protected":false},"excerpt":{"rendered":"<p>O processo Global Dialogues, em expans\u00e3o e consolida\u00e7\u00e3o constantes desde o seu in\u00edcio, em 1997, inclui cinco componentes inter-relacionados que se refor\u00e7am mutuamente: Voz dos jovens e mobiliza\u00e7\u00e3o social. As equipas de proximidade da Global Dialogues, ativas a n\u00edvel comunit\u00e1rio e online, envolvem os jovens em atividades inovadoras e participativas, destinadas a estimular e amplificar <a class=\"read-more\" href=\" https:\/\/globaldialogues.org\/portugues\/about-us\/project-overview\/\">&#8230;Read More<\/a><\/p>\n","protected":false},"author":1,"featured_media":0,"parent":6,"menu_order":2,"comment_status":"open","ping_status":"open","template":"template_sidebar_left.php","meta":{"footnotes":""},"class_list":["post-8","page","type-page","status-publish","hentry"],"aioseo_notices":[],"_links":{"self":[{"href":"https:\/\/globaldialogues.org\/portugues\/wp-json\/wp\/v2\/pages\/8","targetHints":{"allow":["GET"]}}],"collection":[{"href":"https:\/\/globaldialogues.org\/portugues\/wp-json\/wp\/v2\/pages"}],"about":[{"href":"https:\/\/globaldialogues.org\/portugues\/wp-json\/wp\/v2\/types\/page"}],"author":[{"embeddable":true,"href":"https:\/\/globaldialogues.org\/portugues\/wp-json\/wp\/v2\/users\/1"}],"replies":[{"embeddable":true,"href":"https:\/\/globaldialogues.org\/portugues\/wp-json\/wp\/v2\/comments?post=8"}],"version-history":[{"count":4,"href":"https:\/\/globaldialogues.org\/portugues\/wp-json\/wp\/v2\/pages\/8\/revisions"}],"predecessor-version":[{"id":298,"href":"https:\/\/globaldialogues.org\/portugues\/wp-json\/wp\/v2\/pages\/8\/revisions\/298"}],"up":[{"embeddable":true,"href":"https:\/\/globaldialogues.org\/portugues\/wp-json\/wp\/v2\/pages\/6"}],"wp:attachment":[{"href":"https:\/\/globaldialogues.org\/portugues\/wp-json\/wp\/v2\/media?parent=8"}],"curies":[{"name":"wp","href":"https:\/\/api.w.org\/{rel}","templated":true}]}}