{"id":44,"date":"2012-11-21T18:02:03","date_gmt":"2012-11-21T18:02:03","guid":{"rendered":"https:\/\/globaldialogues.org\/portugues\/?page_id=44"},"modified":"2012-11-29T00:29:30","modified_gmt":"2012-11-29T00:29:30","slug":"violence","status":"publish","type":"page","link":"https:\/\/globaldialogues.org\/portugues\/about-us\/the-issues\/violence\/","title":{"rendered":"Viol\u00eancia"},"content":{"rendered":"<p>Estamos rodeados de imagens de viol\u00eancia, inclusive na Internet. Contudo, alguns sites excelentes foram criados por organiza\u00e7\u00f5es que se esfor\u00e7am por salvaguardar crian\u00e7as e jovens, proteger raparigas e mulheres, quebrar ciclos de viol\u00eancia e estimular um mundo mais pac\u00edfico. Recomendamos vivamente os seguintes sites, a maioria dos quais cont\u00e9m liga\u00e7\u00f5es para recursos adicionais:<\/p>\n<ul>\n<li><strong>AMCV: Associa\u00e7\u00e3o das mulheres contra a viol\u00eancia<\/strong>.<br>\n <a href=\"http:\/\/www.amcv.org.pt\" target=\"_blank\">www.amcv.org.pt<\/a><\/li>\n<li><strong>Instituto Sou Da Paz<\/strong>.<br>\n <a href=\"http:\/\/www.soudapaz.org\" target=\"_blank\">www.soudapaz.org<\/a><\/li>\n<\/ul>\n","protected":false},"excerpt":{"rendered":"<p>Estamos rodeados de imagens de viol\u00eancia, inclusive na Internet. Contudo, alguns sites excelentes foram criados por organiza\u00e7\u00f5es que se esfor\u00e7am por salvaguardar crian\u00e7as e jovens, proteger raparigas e mulheres, quebrar ciclos de viol\u00eancia e estimular um mundo mais pac\u00edfico. Recomendamos vivamente os seguintes sites, a maioria dos quais cont\u00e9m liga\u00e7\u00f5es para recursos adicionais: AMCV: Associa\u00e7\u00e3o <a class=\"read-more\" href=\" https:\/\/globaldialogues.org\/portugues\/about-us\/the-issues\/violence\/\">&#8230;Read More<\/a><\/p>\n","protected":false},"author":3,"featured_media":0,"parent":41,"menu_order":2,"comment_status":"open","ping_status":"open","template":"template_sidebar_left_and_extra_content.php","meta":{"footnotes":""},"class_list":["post-44","page","type-page","status-publish","hentry"],"aioseo_notices":[],"_links":{"self":[{"href":"https:\/\/globaldialogues.org\/portugues\/wp-json\/wp\/v2\/pages\/44","targetHints":{"allow":["GET"]}}],"collection":[{"href":"https:\/\/globaldialogues.org\/portugues\/wp-json\/wp\/v2\/pages"}],"about":[{"href":"https:\/\/globaldialogues.org\/portugues\/wp-json\/wp\/v2\/types\/page"}],"author":[{"embeddable":true,"href":"https:\/\/globaldialogues.org\/portugues\/wp-json\/wp\/v2\/users\/3"}],"replies":[{"embeddable":true,"href":"https:\/\/globaldialogues.org\/portugues\/wp-json\/wp\/v2\/comments?post=44"}],"version-history":[{"count":3,"href":"https:\/\/globaldialogues.org\/portugues\/wp-json\/wp\/v2\/pages\/44\/revisions"}],"predecessor-version":[{"id":258,"href":"https:\/\/globaldialogues.org\/portugues\/wp-json\/wp\/v2\/pages\/44\/revisions\/258"}],"up":[{"embeddable":true,"href":"https:\/\/globaldialogues.org\/portugues\/wp-json\/wp\/v2\/pages\/41"}],"wp:attachment":[{"href":"https:\/\/globaldialogues.org\/portugues\/wp-json\/wp\/v2\/media?parent=44"}],"curies":[{"name":"wp","href":"https:\/\/api.w.org\/{rel}","templated":true}]}}