{"id":4,"date":"2012-11-21T17:21:43","date_gmt":"2012-11-21T17:21:43","guid":{"rendered":"https:\/\/globaldialogues.org\/portugues\/?page_id=4"},"modified":"2013-02-07T16:07:35","modified_gmt":"2013-02-07T16:07:35","slug":"vision-mission","status":"publish","type":"page","link":"https:\/\/globaldialogues.org\/portugues\/about-us\/vision-mission\/","title":{"rendered":"Vis\u00e3o e miss\u00e3o"},"content":{"rendered":"<p>Global Dialogues idealiza um mundo saud\u00e1vel e pac\u00edfico, no qual uma humanidade solid\u00e1ria e compassiva prospera, num esp\u00edrito de igualdade e unidade na diversidade.<\/p>\n<span class=\"sc_statement\"><strong>A nossa miss\u00e3o:<\/strong> Promover sa\u00fade p\u00fablica global e bem-estar social, atrav\u00e9s de solu\u00e7\u00f5es integradas dirigidas \u00e0 juventude, dinamizadas pela criatividade e por parcerias multidisciplinares.<\/span>\n<p><strong>Doze formas de descrever a Global Dialogues:<\/strong><\/p>\n<div class=\"col_4\" >\n<ul>\n<li>Respons\u00e1vel<\/li>\n<li>Colaborante e aberta<\/li>\n<li>Empenhada na excel\u00eancia<\/li>\n<li>Experiente<\/li>\n<li>Inovadora<\/li>\n<li>Interativa<\/li>\n<\/ul>\n<\/div>\n<div class=\"col_4 last suf_1\" >\n<ul>\n<li>Otimista<\/li>\n<li>Socialmente empreendedora<\/li>\n<li>Desmistificadora de tabus<\/li>\n<li>Cordial<\/li>\n<li>Mundial<\/li>\n<li>Mobilizadora dos jovens<\/li>\n<\/ul>\n<\/div>\n","protected":false},"excerpt":{"rendered":"<p>Global Dialogues idealiza um mundo saud\u00e1vel e pac\u00edfico, no qual uma humanidade solid\u00e1ria e compassiva prospera, num esp\u00edrito de igualdade e unidade na diversidade. Doze formas de descrever a Global Dialogues:<\/p>\n","protected":false},"author":1,"featured_media":0,"parent":6,"menu_order":1,"comment_status":"open","ping_status":"closed","template":"template_sidebar_left_and_extra_content.php","meta":{"footnotes":""},"class_list":["post-4","page","type-page","status-publish","hentry"],"aioseo_notices":[],"_links":{"self":[{"href":"https:\/\/globaldialogues.org\/portugues\/wp-json\/wp\/v2\/pages\/4","targetHints":{"allow":["GET"]}}],"collection":[{"href":"https:\/\/globaldialogues.org\/portugues\/wp-json\/wp\/v2\/pages"}],"about":[{"href":"https:\/\/globaldialogues.org\/portugues\/wp-json\/wp\/v2\/types\/page"}],"author":[{"embeddable":true,"href":"https:\/\/globaldialogues.org\/portugues\/wp-json\/wp\/v2\/users\/1"}],"replies":[{"embeddable":true,"href":"https:\/\/globaldialogues.org\/portugues\/wp-json\/wp\/v2\/comments?post=4"}],"version-history":[{"count":9,"href":"https:\/\/globaldialogues.org\/portugues\/wp-json\/wp\/v2\/pages\/4\/revisions"}],"predecessor-version":[{"id":305,"href":"https:\/\/globaldialogues.org\/portugues\/wp-json\/wp\/v2\/pages\/4\/revisions\/305"}],"up":[{"embeddable":true,"href":"https:\/\/globaldialogues.org\/portugues\/wp-json\/wp\/v2\/pages\/6"}],"wp:attachment":[{"href":"https:\/\/globaldialogues.org\/portugues\/wp-json\/wp\/v2\/media?parent=4"}],"curies":[{"name":"wp","href":"https:\/\/api.w.org\/{rel}","templated":true}]}}