{"id":31,"date":"2012-11-21T17:48:31","date_gmt":"2012-11-21T17:48:31","guid":{"rendered":"https:\/\/globaldialogues.org\/portugues\/?page_id=31"},"modified":"2014-01-27T17:07:01","modified_gmt":"2014-01-27T17:07:01","slug":"download-films","status":"publish","type":"page","link":"https:\/\/globaldialogues.org\/portugues\/films\/download-films\/","title":{"rendered":"Descarregar filmes"},"content":{"rendered":"<p>Os nossos filmes podem ser descarregados gratuitamente. Existem duas formas de o fazer:<\/p>\n<ol>\n<li>Descarregue todos os nossos filmes, incluindo os mais recentes, em todas as l\u00ednguas dispon\u00edveis, a partir do nosso canal no YouTube:www.youtube.com\/globaldialogues. Para descarregar os filmes do YouTube, de forma segura e f\u00e1cil, primeiro precisar\u00e1 de instalar um software para descarregar v\u00eddeos. Por favor, escolha cuidadosamente o seu software, consultando a an\u00e1lise de software da CNET, em http:\/\/download.cnet.com Com base nas an\u00e1lises da CNET, neste caso, os dois softwares para descarregar v\u00eddeos que recomendamos s\u00e3o: <\/li>\n<\/ol>\n<ul>\n<li>Solid YouTube Downloader and Converter: <a title=\"Solid YouTube Downloader and Converter\" href=\"http:\/\/download.cnet.com\/Solid-YouTube-Downloader-and-Converter\/3000-2071_4-75327888.html#editorsreview\" target=\"_blank\">http:\/\/download.cnet.com\/Solid-YouTube-Downloader-and-Converter\/3000-2071_4-75327888.html#editorsreview<\/a><\/li>\n<li>HD YouTube Downloader Free: <a title=\"HD YouTube Downloader Free\" href=\"http:\/\/download.cnet.com\/HD-Youtube-Downloader-Free\/3000-2071_4-75795949.html\" target=\"_blank\">http:\/\/download.cnet.com\/HD-Youtube-Downloader-Free\/3000-2071_4-75795949.html<\/a><\/li>\n<\/ul>\n<p>Se tiverem problemas com qualquer uma das op\u00e7\u00f5es, por favor, <a title=\"Contact Us\" href=\"..\/..\/contact-us\/\">contactem-nos<\/a>.<\/p>\n","protected":false},"excerpt":{"rendered":"<p>Os nossos filmes podem ser descarregados gratuitamente. Existem duas formas de o fazer: Descarregue todos os nossos filmes, incluindo os mais recentes, em todas as l\u00ednguas dispon\u00edveis, a partir do nosso canal no YouTube:www.youtube.com\/globaldialogues. Para descarregar os filmes do YouTube, de forma segura e f\u00e1cil, primeiro precisar\u00e1 de instalar um software para descarregar v\u00eddeos. Por <a class=\"read-more\" href=\" https:\/\/globaldialogues.org\/portugues\/films\/download-films\/\">&#8230;Read More<\/a><\/p>\n","protected":false},"author":3,"featured_media":0,"parent":26,"menu_order":4,"comment_status":"open","ping_status":"open","template":"template_sidebar_left_and_extra_content.php","meta":{"footnotes":""},"class_list":["post-31","page","type-page","status-publish","hentry"],"aioseo_notices":[],"_links":{"self":[{"href":"https:\/\/globaldialogues.org\/portugues\/wp-json\/wp\/v2\/pages\/31","targetHints":{"allow":["GET"]}}],"collection":[{"href":"https:\/\/globaldialogues.org\/portugues\/wp-json\/wp\/v2\/pages"}],"about":[{"href":"https:\/\/globaldialogues.org\/portugues\/wp-json\/wp\/v2\/types\/page"}],"author":[{"embeddable":true,"href":"https:\/\/globaldialogues.org\/portugues\/wp-json\/wp\/v2\/users\/3"}],"replies":[{"embeddable":true,"href":"https:\/\/globaldialogues.org\/portugues\/wp-json\/wp\/v2\/comments?post=31"}],"version-history":[{"count":11,"href":"https:\/\/globaldialogues.org\/portugues\/wp-json\/wp\/v2\/pages\/31\/revisions"}],"predecessor-version":[{"id":398,"href":"https:\/\/globaldialogues.org\/portugues\/wp-json\/wp\/v2\/pages\/31\/revisions\/398"}],"up":[{"embeddable":true,"href":"https:\/\/globaldialogues.org\/portugues\/wp-json\/wp\/v2\/pages\/26"}],"wp:attachment":[{"href":"https:\/\/globaldialogues.org\/portugues\/wp-json\/wp\/v2\/media?parent=31"}],"curies":[{"name":"wp","href":"https:\/\/api.w.org\/{rel}","templated":true}]}}