{"id":29,"date":"2012-11-21T17:43:54","date_gmt":"2012-11-21T17:43:54","guid":{"rendered":"https:\/\/globaldialogues.org\/portugues\/?page_id=29"},"modified":"2013-12-16T18:24:36","modified_gmt":"2013-12-16T18:24:36","slug":"film-distribution","status":"publish","type":"page","link":"https:\/\/globaldialogues.org\/portugues\/films\/film-distribution\/","title":{"rendered":"Distribui\u00e7\u00e3o de filmes"},"content":{"rendered":"<p>Os media de mudan\u00e7a social s\u00f3 mudar\u00e3o algo, se chegarem \u00e0s pessoas. Os filmes da Global Dialogues s\u00e3o vistos por milh\u00f5es de pessoas, online e na TV, todos os anos.<\/p>\n<p>Dispon\u00edveis em muitas l\u00ednguas, os nossos filmes s\u00e3o distribu\u00eddos gratuitamente. A c\u00f3pia e partilha independentes s\u00e3o ativamente encorajadas, desde que os filmes nunca sejam vendidos.<\/p>\n<p><strong>A INTERNET:<\/strong> Estamos profundamente gratos aos nossos amigos do YouTube pela sua parceria e apoio inestim\u00e1veis. Os filmes da Global Dialogues revelaram-se muito populares na Internet, com visualiza\u00e7\u00f5es anuais na ordem dos milh\u00f5es. Todos os filmes da Global Dialogues, em todas as l\u00ednguas dispon\u00edveis, podem ser vistos em <strong><a title=\"Global Dialogues YouTube Channel\" href=\"http:\/\/www.youtube.com\/globaldialogues\" target=\"_blank\"> www.youtube.com\/globaldialogues<\/a><\/strong>. Por favor, ponderem subscrever este canal e gostar ou n\u00e3o dos nossos filmes, dar a vossa opini\u00e3o e partilh\u00e1-los on-line com outros.<\/p>\n<p>\u00c9 poss\u00edvel <a title=\"Download Films\" href=\"..\/download-films\/\"><strong>descarregar<\/strong><\/a> os filmes gratuitamente, a partir da Internet. Depois de terem descarregado os vossos filmes preferidos, podem partilh\u00e1-los facilmente com outros, por exemplo atrav\u00e9s de um dispositivo USB ou via Internet.<\/p>\n<p><strong>TELEVIS\u00c3O:<\/strong> Os filmes da Global Dialogues s\u00e3o doados, com isen\u00e7\u00e3o de direitos, a emissoras, e s\u00e3o exibidos por dezenas de esta\u00e7\u00f5es de base local e redes de sat\u00e9lite internacionais. As emiss\u00f5es dos filmes do Global Dialogues chegam a bem mais de 200 000 000 pessoas, todos os anos e transformam a voz da juventude num rugido!<\/p>\n<p>Os diretores de canais televisivos apreciam a elevada qualidade, o valor em termos de entretenimento, a disponibilidade em m\u00faltiplas l\u00ednguas, a diversidade dos t\u00f3picos e g\u00e9neros e o formato curto dos filmes, o que permite uma grande flexibilidade a n\u00edvel da programa\u00e7\u00e3o, entre e durante os programas regulares das grelhas. Tais caracter\u00edsticas s\u00e3o, sem d\u00favida, grandemente respons\u00e1veis pela quantidade sem precedentes de tempo de antena gratuito de que os filmes gozam. \u00c9 pol\u00edtica rigorosa da Global Dialogues nunca pagar por tempo de antena.<\/p>\n","protected":false},"excerpt":{"rendered":"<p>Os media de mudan\u00e7a social s\u00f3 mudar\u00e3o algo, se chegarem \u00e0s pessoas. Os filmes da Global Dialogues s\u00e3o vistos por milh\u00f5es de pessoas, online e na TV, todos os anos. Dispon\u00edveis em muitas l\u00ednguas, os nossos filmes s\u00e3o distribu\u00eddos gratuitamente. A c\u00f3pia e partilha independentes s\u00e3o ativamente encorajadas, desde que os filmes nunca sejam vendidos. <a class=\"read-more\" href=\" https:\/\/globaldialogues.org\/portugues\/films\/film-distribution\/\">&#8230;Read More<\/a><\/p>\n","protected":false},"author":3,"featured_media":0,"parent":26,"menu_order":2,"comment_status":"open","ping_status":"open","template":"template_sidebar_left_and_extra_content.php","meta":{"footnotes":""},"class_list":["post-29","page","type-page","status-publish","hentry"],"aioseo_notices":[],"_links":{"self":[{"href":"https:\/\/globaldialogues.org\/portugues\/wp-json\/wp\/v2\/pages\/29","targetHints":{"allow":["GET"]}}],"collection":[{"href":"https:\/\/globaldialogues.org\/portugues\/wp-json\/wp\/v2\/pages"}],"about":[{"href":"https:\/\/globaldialogues.org\/portugues\/wp-json\/wp\/v2\/types\/page"}],"author":[{"embeddable":true,"href":"https:\/\/globaldialogues.org\/portugues\/wp-json\/wp\/v2\/users\/3"}],"replies":[{"embeddable":true,"href":"https:\/\/globaldialogues.org\/portugues\/wp-json\/wp\/v2\/comments?post=29"}],"version-history":[{"count":6,"href":"https:\/\/globaldialogues.org\/portugues\/wp-json\/wp\/v2\/pages\/29\/revisions"}],"predecessor-version":[{"id":373,"href":"https:\/\/globaldialogues.org\/portugues\/wp-json\/wp\/v2\/pages\/29\/revisions\/373"}],"up":[{"embeddable":true,"href":"https:\/\/globaldialogues.org\/portugues\/wp-json\/wp\/v2\/pages\/26"}],"wp:attachment":[{"href":"https:\/\/globaldialogues.org\/portugues\/wp-json\/wp\/v2\/media?parent=29"}],"curies":[{"name":"wp","href":"https:\/\/api.w.org\/{rel}","templated":true}]}}