{"id":28,"date":"2012-11-21T17:43:04","date_gmt":"2012-11-21T17:43:04","guid":{"rendered":"https:\/\/globaldialogues.org\/portugues\/?page_id=28"},"modified":"2013-12-16T18:20:53","modified_gmt":"2013-12-16T18:20:53","slug":"film-production","status":"publish","type":"page","link":"https:\/\/globaldialogues.org\/portugues\/films\/film-production\/","title":{"rendered":"Produ\u00e7\u00e3o de filmes"},"content":{"rendered":"<p>A Global Dialogues produz media de mudan\u00e7a social, com o intuito de ajudar a criar um mundo mais saud\u00e1vel e pac\u00edfico, caracterizado pela empatia, pela compaix\u00e3o e pela unidade na diversidade.<\/p>\n<p>Os nossos filmes, baseados em narrativas submetidas por jovens aos nossos concursos internacionais, s\u00e3o trabalhados por cineastas conceituados e jovens talentos emergentes. At\u00e9 ao in\u00edcio de 2012, os nossos filmes centraram-se todos no VIH\/SIDA e foram produzidos exclusivamente em \u00c1frica. Agora, a produ\u00e7\u00e3o de filmes da Global Dialogues \u00e9 mundial, a nossa \u00eanfase tem\u00e1tica foi alargada para incluir outros temas priorit\u00e1rios que os jovens do nosso planeta enfrentam.<\/p>\n<p>Os filmes s\u00e3o muito valorizados por emissoras, NGOs e OBCs envolvidas na mobiliza\u00e7\u00e3o social e ativismo global, por escolas e empresas. E a sua popularidade\u00a0<a title=\"Global Dialogues YouTube Channel\" href=\"http:\/\/www.youtube.com\/globaldialogues\" target=\"_blank\"><strong>na Internet<\/strong><\/a> sobe em flecha. <\/p>\n<p>As equipas de produ\u00e7\u00e3o de filmes da Global Dialogues regem-se pelos seguintes princ\u00edpios:<\/p>\n<ul>\n<li>Os filmes n\u00e3o visam ser ferramentas did\u00e1ticas, de transmiss\u00e3o de mensagens, mas antes motores de reflex\u00e3o e di\u00e1logo. Demonstram a nossa f\u00e9 nas capacidades das comunidades locais para identificarem, explorarem e resolverem as suas quest\u00f5es priorit\u00e1rias, \u00e0 sua maneira.<\/li>\n<li>As pessoas vulner\u00e1veis devem ser sempre retratadas de forma positiva e com dignidade. Os filmes devem ajudar indiv\u00edduos e comunidades a abordar e ultrapassar desigualdades e preconceitos relevantes.<\/li>\n<li>Tal como se pode fazer muita coisa positiva com um filme bem feito sobre um tema tabu, tamb\u00e9m se pode provocar danos graves, se n\u00e3o se tomam todas as precau\u00e7\u00f5es necess\u00e1rias, antes de um filme ser rodado e lan\u00e7ado. \u00c9 por essas raz\u00f5es que a equipa da Global Dialogues d\u00e1 uma \u00eanfase especial aos testes exaustivos e \u00e0 avalia\u00e7\u00e3o de vers\u00f5es iniciais de argumentos.<\/li>\n<li>Criatividade partilhada: A produ\u00e7\u00e3o de filmes da Global Dialogues \u00e9 singularmente multidisciplinar, marcada por um di\u00e1logo constante entre jovens, organiza\u00e7\u00f5es da sociedade civil e cineastas.<\/li>\n<\/ul>\n<p>Os filmes da Global Dialogues s\u00e3o <a title=\"Film Distribution\" href=\"..\/film-distribution\/\"><strong>distribu\u00eddos<\/strong><\/a> numa multitude de l\u00ednguas e s\u00e3o legendados, para os tornar acess\u00edveis aos surdos e mais \u00fateis para alunos e professores de l\u00ednguas.<\/p>\n","protected":false},"excerpt":{"rendered":"<p>A Global Dialogues produz media de mudan\u00e7a social, com o intuito de ajudar a criar um mundo mais saud\u00e1vel e pac\u00edfico, caracterizado pela empatia, pela compaix\u00e3o e pela unidade na diversidade. Os nossos filmes, baseados em narrativas submetidas por jovens aos nossos concursos internacionais, s\u00e3o trabalhados por cineastas conceituados e jovens talentos emergentes. At\u00e9 ao <a class=\"read-more\" href=\" https:\/\/globaldialogues.org\/portugues\/films\/film-production\/\">&#8230;Read More<\/a><\/p>\n","protected":false},"author":3,"featured_media":0,"parent":26,"menu_order":1,"comment_status":"open","ping_status":"open","template":"template_sidebar_left_and_extra_content.php","meta":{"footnotes":""},"class_list":["post-28","page","type-page","status-publish","hentry"],"aioseo_notices":[],"_links":{"self":[{"href":"https:\/\/globaldialogues.org\/portugues\/wp-json\/wp\/v2\/pages\/28","targetHints":{"allow":["GET"]}}],"collection":[{"href":"https:\/\/globaldialogues.org\/portugues\/wp-json\/wp\/v2\/pages"}],"about":[{"href":"https:\/\/globaldialogues.org\/portugues\/wp-json\/wp\/v2\/types\/page"}],"author":[{"embeddable":true,"href":"https:\/\/globaldialogues.org\/portugues\/wp-json\/wp\/v2\/users\/3"}],"replies":[{"embeddable":true,"href":"https:\/\/globaldialogues.org\/portugues\/wp-json\/wp\/v2\/comments?post=28"}],"version-history":[{"count":6,"href":"https:\/\/globaldialogues.org\/portugues\/wp-json\/wp\/v2\/pages\/28\/revisions"}],"predecessor-version":[{"id":370,"href":"https:\/\/globaldialogues.org\/portugues\/wp-json\/wp\/v2\/pages\/28\/revisions\/370"}],"up":[{"embeddable":true,"href":"https:\/\/globaldialogues.org\/portugues\/wp-json\/wp\/v2\/pages\/26"}],"wp:attachment":[{"href":"https:\/\/globaldialogues.org\/portugues\/wp-json\/wp\/v2\/media?parent=28"}],"curies":[{"name":"wp","href":"https:\/\/api.w.org\/{rel}","templated":true}]}}