{"id":21,"date":"2012-11-21T17:34:31","date_gmt":"2012-11-21T17:34:31","guid":{"rendered":"https:\/\/globaldialogues.org\/portugues\/?page_id=21"},"modified":"2012-11-29T05:00:43","modified_gmt":"2012-11-29T05:00:43","slug":"contest-resources","status":"publish","type":"page","link":"https:\/\/globaldialogues.org\/portugues\/contests\/contest-resources\/","title":{"rendered":"Recursos do concurso"},"content":{"rendered":"<p>Eis alguns bons recursos para usar, enquanto criam os vossos projetos para os concursos da Global Dialogues. Estes sites cont\u00eam informa\u00e7\u00e3o e dicas sobre <a href=\"#hiv\">o VIH\/SIDA e a sexualidade<\/a>; <a href=\"#violence\">a viol\u00eancia<\/a>; e <a href=\"#story\">como criar bons contos, argumentos ou curtas-metragens<\/a>.\n<a id=\"hiv\"><\/a><\/p>\n<h2>VIH\/SIDA e sexualidade: fontes cred\u00edveis de informa\u00e7\u00e3o<\/h2>\n<ul>\n<li><strong>Associa\u00e7\u00e3o Abra\u00e7o.<\/strong> Informa\u00e7\u00f5es e links \u00fateis.<br>\n           <a href=\"http:\/\/abraco.pt\/?page_id=2\" target=\"_blank\">abraco.pt\/?page_id=2<\/a>\n        <\/li>\n<li><strong>Positivo.<\/strong> Viver com o VIH\/SIDA.<br>\n           <a href=\"http:\/\/www.positivo.org.pt\" target=\"_blank\">www.positivo.org.pt<\/a>\n        <\/li>\n<li><strong>Os filmes da Global Dialogues em portugu\u00eas.<\/strong> A vis\u00e3o dos jovens.<br>\n           <a href=\"http:\/\/www.youtube.com\/playlist?list=PL08CC204ECC5466A7\" target=\"_blank\">www.youtube.com\/playlist?list=PL08CC204ECC5466A7<\/a>\n        <\/li>\n<\/ul>\n<p><a id=\"violence\"><\/a><\/p>\n<h2>Viol\u00eancia: excelentes sites com informa\u00e7\u00e3o cred\u00edvel<\/h2>\n<ul>\n<li><strong>AMCV: Associa\u00e7\u00e3o das mulheres contra a viol\u00eancia.<\/strong><br>\n           <a href=\"http:\/\/www.amcv.org.pt\" target=\"_blank\">www.amcv.org.pt<\/a>\n        <\/li>\n<li><strong>Instituto Sou Da Paz.<\/strong><br>\n           <a href=\"http:\/\/www.soudapaz.org\" target=\"_blank\">www.soudapaz.org<\/a>\n        <\/li>\n<\/ul>\n<p><a id=\"story\"><\/a><\/p>\n<h2>Criar um bom conto, argumento ou curta-metragem<\/h2>\n<ul>\n<li><strong>Roteiro de Cinema.<\/strong> \u00e9 um portal de informa\u00e7\u00f5es em l\u00edngua portuguesa dedicado aos Roteiristas Cinematogr\u00e1ficos, profissionais e amadores sobre recursos de roteiro audiovisual.<br>\n           <a href=\"http:\/\/roteirodecinema.com.br\" target=\"_blank\">roteirodecinema.com.br<\/a>\n        <\/li>\n<li><strong>InfoEscola, navegando e aprendendo.<\/strong> Narra\u00e7\u00e3o.<br>\n           <a href=\"http:\/\/www.infoescola.com\/redacao\/narracao\" target=\"_blank\">www.infoescola.com\/redacao\/narracao<\/a>\n        <\/li>\n<\/ul>\n","protected":false},"excerpt":{"rendered":"<p>Eis alguns bons recursos para usar, enquanto criam os vossos projetos para os concursos da Global Dialogues. Estes sites cont\u00eam informa\u00e7\u00e3o e dicas sobre o VIH\/SIDA e a sexualidade; a viol\u00eancia; e como criar bons contos, argumentos ou curtas-metragens. VIH\/SIDA e sexualidade: fontes cred\u00edveis de informa\u00e7\u00e3o Associa\u00e7\u00e3o Abra\u00e7o. Informa\u00e7\u00f5es e links \u00fateis. abraco.pt\/?page_id=2 Positivo. Viver <a class=\"read-more\" href=\" https:\/\/globaldialogues.org\/portugues\/contests\/contest-resources\/\">&#8230;Read More<\/a><\/p>\n","protected":false},"author":3,"featured_media":0,"parent":15,"menu_order":5,"comment_status":"open","ping_status":"open","template":"template_sidebar_left.php","meta":{"footnotes":""},"class_list":["post-21","page","type-page","status-publish","hentry"],"aioseo_notices":[],"_links":{"self":[{"href":"https:\/\/globaldialogues.org\/portugues\/wp-json\/wp\/v2\/pages\/21","targetHints":{"allow":["GET"]}}],"collection":[{"href":"https:\/\/globaldialogues.org\/portugues\/wp-json\/wp\/v2\/pages"}],"about":[{"href":"https:\/\/globaldialogues.org\/portugues\/wp-json\/wp\/v2\/types\/page"}],"author":[{"embeddable":true,"href":"https:\/\/globaldialogues.org\/portugues\/wp-json\/wp\/v2\/users\/3"}],"replies":[{"embeddable":true,"href":"https:\/\/globaldialogues.org\/portugues\/wp-json\/wp\/v2\/comments?post=21"}],"version-history":[{"count":5,"href":"https:\/\/globaldialogues.org\/portugues\/wp-json\/wp\/v2\/pages\/21\/revisions"}],"predecessor-version":[{"id":275,"href":"https:\/\/globaldialogues.org\/portugues\/wp-json\/wp\/v2\/pages\/21\/revisions\/275"}],"up":[{"embeddable":true,"href":"https:\/\/globaldialogues.org\/portugues\/wp-json\/wp\/v2\/pages\/15"}],"wp:attachment":[{"href":"https:\/\/globaldialogues.org\/portugues\/wp-json\/wp\/v2\/media?parent=21"}],"curies":[{"name":"wp","href":"https:\/\/api.w.org\/{rel}","templated":true}]}}