{"id":20,"date":"2012-11-21T17:34:10","date_gmt":"2012-11-21T17:34:10","guid":{"rendered":"https:\/\/globaldialogues.org\/portugues\/?page_id=20"},"modified":"2014-08-29T20:33:40","modified_gmt":"2014-08-29T20:33:40","slug":"faq","status":"publish","type":"page","link":"https:\/\/globaldialogues.org\/portugues\/contests\/faq\/","title":{"rendered":"FAQ (D\u00favidas frequentes)"},"content":{"rendered":"<p><a href=\"#q1\">Qual \u00e9 o prazo de entrega limite do concurso Global Dialogues?<\/a><br>\n<a href=\"#q2\">Posso entregar mais do que um projeto? Posso ganhar mais do que um pr\u00e9mio?<\/a><br>\n<a href=\"#q3\">Tenho mais de 24 anos e quero participar. \u00c9 poss\u00edvel?<\/a><br>\n<a href=\"#q4\">A minha hist\u00f3ria tem de ser sobre um dos t\u00f3picos sugeridos?<\/a><br>\n<a href=\"#q5\">Os projetos a concurso t\u00eam de ser em Portugu\u00eas? <\/a><br>\n<a href=\"#q6\">Tenho de entregar os meus projetos por via eletr\u00f3nica?<\/a><br>\n<a href=\"#q7\">Quando e como ser\u00e3o anunciados os vencedores?<\/a><br>\n<a href=\"#q8\">Quando decorrer\u00e1 o pr\u00f3ximo concurso da Global Dialogues?<\/a><br><\/p>\n<hr \/>\n<p><a name=\"q1\"><\/a>\n<strong>Qual \u00e9 o prazo de entrega limite do concurso Global Dialogues? <\/strong><br>\nTodas as inscri\u00e7\u00f5es t\u00eam de ser entregues por via eletr\u00f3nica ou postal at\u00e9 \u00e0 meia-noite GMT de 31 de mar\u00e7o de 2015.<\/p>\n<hr \/>\n<p><a name=\"q2\"><\/a>\n<strong>Posso entregar mais do que um projeto? Posso ganhar mais do que um pr\u00e9mio?<\/strong><br>\nSim! Pode enviar os projetos que desejar. E sim, pode receber mais do que um pr\u00e9mio.<\/p>\n<hr \/>\n<p><a name=\"q3\"><\/a>\n<strong>Tenho mais de 24 anos e quero participar. \u00c9 poss\u00edvel?<\/strong><br>\nSim. Se tiver mais de 24 anos, forme uma equipa com algu\u00e9m que tenha menos de 25 anos. Tem de escolher algu\u00e9m com menos de 25 anos como l\u00edder da equipa.<\/p>\n<hr \/>\n<p><a name=\"q4\"><\/a>\n<strong>A minha hist\u00f3ria tem de ser sobre um dos t\u00f3picos sugeridos?<\/strong><br>\nN\u00e3o. Tem a liberdade de criar os seus projetos sobre o t\u00f3pico que desejar, desde que esteja relacionado com um dos temas do concurso: VIH\/SIDA, sexualidade, viol\u00eancia contra contra mulheres, ou drogas, \u00e1lcool e sexo.<\/p>\n<hr \/>\n<p><a name=\"q5\"><\/a>\n<strong>Os projetos a concurso t\u00eam de ser em Portugu\u00eas?<\/strong><br>\nEste ano, aceitaremos projetos nas l\u00ednguas oficiais do concurso do Global Dialogues: Ingl\u00eas, Franc\u00eas, Espanhol, Portugu\u00eas, Kiswahili, Hindi, Mandarim, Russo, Bahasa Indon\u00e9sia ou Alem\u00e3o. Nos pr\u00f3ximos anos, ser\u00e3o acrescentadas mais l\u00ednguas. Se criar o seu projeto noutra l\u00edngua, por favor, pe\u00e7a a algu\u00e9m que o traduza para uma das l\u00ednguas oficiais, antes de o entregar.<\/p>\n<hr \/>\n<p><a name=\"q6\"><\/a>\n<strong>Tenho de entregar os meus projetos por via eletr\u00f3nica?<\/strong><br>\nPode entregar os seus projetos por via eletr\u00f3nica ou por via postal. A op\u00e7\u00e3o \u00e9 sua. Pode participar\u00a0<a title=\"Entering the contest\" href=\"https:\/\/globaldialogues.org\/portugues\/contests\/submit-your-entry\/\" >online atrav\u00e9s deste website<\/a> Ou enviar os seus projetos e o\u00a0<a href=\"https:\/\/globaldialogues.org\/portugues\/contests\/submit-your-entry\/?page=download\">Question\u00e1rio ao Participante<\/a> ,\u00a0devidamente preenchido para <a href=\"contact-us\/\">contest@globaldialogues.org<\/a> ou para<br>\nGlobal Dialogues<br>\nP.O. Box 33567<br>\nDecatur, GA 30033 USA<br><\/p>\n<hr \/>\n<p><a name=\"q7\"><\/a>\n<strong>Quando e como ser\u00e3o anunciados os vencedores?<\/strong><br>\nTerminado o prazo do concurso, os vencedores ser\u00e3o selecionados por um j\u00fari, num processo com m\u00faltiplas etapas. Os vencedores do concurso ser\u00e3o anunciados antes do fim de agosto, nas p\u00e1ginas dos media sociais da Global Dialogues.<\/p>\n<hr \/>\n<p><a name=\"q8\"><\/a>\n<strong>Quando decorrer\u00e1 o pr\u00f3ximo concurso da Global Dialogues?<\/strong><br>\nOs nossos concursos passar\u00e3o a ser realizados anualmente. Por favor, adira aos nossos media sociais para se manter informado.<\/p>\n","protected":false},"excerpt":{"rendered":"<p>Qual \u00e9 o prazo de entrega limite do concurso Global Dialogues? Posso entregar mais do que um projeto? Posso ganhar mais do que um pr\u00e9mio? Tenho mais de 24 anos e quero participar. \u00c9 poss\u00edvel? A minha hist\u00f3ria tem de ser sobre um dos t\u00f3picos sugeridos? Os projetos a concurso t\u00eam de ser em Portugu\u00eas? <a class=\"read-more\" href=\" https:\/\/globaldialogues.org\/portugues\/contests\/faq\/\">&#8230;Read More<\/a><\/p>\n","protected":false},"author":3,"featured_media":0,"parent":15,"menu_order":4,"comment_status":"open","ping_status":"open","template":"template_sidebar_left.php","meta":{"footnotes":""},"class_list":["post-20","page","type-page","status-publish","hentry"],"aioseo_notices":[],"_links":{"self":[{"href":"https:\/\/globaldialogues.org\/portugues\/wp-json\/wp\/v2\/pages\/20","targetHints":{"allow":["GET"]}}],"collection":[{"href":"https:\/\/globaldialogues.org\/portugues\/wp-json\/wp\/v2\/pages"}],"about":[{"href":"https:\/\/globaldialogues.org\/portugues\/wp-json\/wp\/v2\/types\/page"}],"author":[{"embeddable":true,"href":"https:\/\/globaldialogues.org\/portugues\/wp-json\/wp\/v2\/users\/3"}],"replies":[{"embeddable":true,"href":"https:\/\/globaldialogues.org\/portugues\/wp-json\/wp\/v2\/comments?post=20"}],"version-history":[{"count":14,"href":"https:\/\/globaldialogues.org\/portugues\/wp-json\/wp\/v2\/pages\/20\/revisions"}],"predecessor-version":[{"id":423,"href":"https:\/\/globaldialogues.org\/portugues\/wp-json\/wp\/v2\/pages\/20\/revisions\/423"}],"up":[{"embeddable":true,"href":"https:\/\/globaldialogues.org\/portugues\/wp-json\/wp\/v2\/pages\/15"}],"wp:attachment":[{"href":"https:\/\/globaldialogues.org\/portugues\/wp-json\/wp\/v2\/media?parent=20"}],"curies":[{"name":"wp","href":"https:\/\/api.w.org\/{rel}","templated":true}]}}