{"id":17,"date":"2012-11-21T17:32:04","date_gmt":"2012-11-21T17:32:04","guid":{"rendered":"https:\/\/globaldialogues.org\/portugues\/?page_id=17"},"modified":"2014-12-15T22:50:17","modified_gmt":"2014-12-15T22:50:17","slug":"overview-of-the-contests","status":"publish","type":"page","link":"https:\/\/globaldialogues.org\/portugues\/contests\/overview-of-the-contests\/","title":{"rendered":"Resumo dos concursos"},"content":{"rendered":"<h3 align=\"center\"><strong>\u201c\u00c9 porque tenho algo a dizer e quero que a minha voz seja ouvida!\u201d<\/strong><\/h3>\n<p>Esta \u00e9, de longe, a resposta mais comum quando se pergunta aos participantes nos concursos da Global Dialogues \u2013 mais de 200 000 jovens, at\u00e9 ao momento, de 75 pa\u00edses \u2013 por que participaram.<\/p>\n<p>Nos concursos da Global Dialogues, jovens do mundo inteiro fazem-se ouvir, ao criarem hist\u00f3rias para curtas-metragens, sobre temas como o VIH\/SIDA, sexualidade, viol\u00eancia contra mulheres OU \u00e1lcool, drogas e sexo. Os concursos s\u00e3o uma oportunidade \u00fanica para os jovens quebrarem o gelo na abordagem de temas tabu e partilharem os seus pontos de vista com outros &#8211; incluindo membros da sua fam\u00edlia \u2013 frequentemente, pela primeira vez nas suas vidas.<\/p>\n<p>Os participantes criam hist\u00f3rias ficcionais ou relatam hist\u00f3rias ver\u00eddicas que viveram e que querem divulgar. Todas essas hist\u00f3rias s\u00e3o analisadas por j\u00faris que, n\u00e3o s\u00f3 selecionam os vencedores, como tamb\u00e9m adquirem um conhecimento muito mais profundo dos pensamentos e sentimentos dos jovens. A principal fun\u00e7\u00e3o dos <em>jurados \u00e9 ouvir e aprender<\/em> com os jovens; depois, partilham esse novo conhecimento com decisores chave.<\/p>\n<p>As ideias vencedoras s\u00e3o convertidas em filmes da Global Dialogues, por alguns dos realizadores mais conceituados do planeta e por novos talentos do cinema, e chegam a 200 000 000 pessoas, por ano, on-line e via TV.<\/p>\n<p>Esperamos que ponderem participar, quer criando hist\u00f3rias ou \u2013 se tiverem mais de 24 anos \u2013 apoiando jovens no seus esfor\u00e7os e divulgando os concursos da Global Dialogues. Obrigado!<\/p>\n","protected":false},"excerpt":{"rendered":"<p>\u201c\u00c9 porque tenho algo a dizer e quero que a minha voz seja ouvida!\u201d Esta \u00e9, de longe, a resposta mais comum quando se pergunta aos participantes nos concursos da Global Dialogues \u2013 mais de 200 000 jovens, at\u00e9 ao momento, de 75 pa\u00edses \u2013 por que participaram. Nos concursos da Global Dialogues, jovens do <a class=\"read-more\" href=\" https:\/\/globaldialogues.org\/portugues\/contests\/overview-of-the-contests\/\">&#8230;Read More<\/a><\/p>\n","protected":false},"author":3,"featured_media":0,"parent":15,"menu_order":1,"comment_status":"open","ping_status":"open","template":"template_sidebar_left_and_extra_content.php","meta":{"footnotes":""},"class_list":["post-17","page","type-page","status-publish","hentry"],"aioseo_notices":[],"_links":{"self":[{"href":"https:\/\/globaldialogues.org\/portugues\/wp-json\/wp\/v2\/pages\/17","targetHints":{"allow":["GET"]}}],"collection":[{"href":"https:\/\/globaldialogues.org\/portugues\/wp-json\/wp\/v2\/pages"}],"about":[{"href":"https:\/\/globaldialogues.org\/portugues\/wp-json\/wp\/v2\/types\/page"}],"author":[{"embeddable":true,"href":"https:\/\/globaldialogues.org\/portugues\/wp-json\/wp\/v2\/users\/3"}],"replies":[{"embeddable":true,"href":"https:\/\/globaldialogues.org\/portugues\/wp-json\/wp\/v2\/comments?post=17"}],"version-history":[{"count":8,"href":"https:\/\/globaldialogues.org\/portugues\/wp-json\/wp\/v2\/pages\/17\/revisions"}],"predecessor-version":[{"id":424,"href":"https:\/\/globaldialogues.org\/portugues\/wp-json\/wp\/v2\/pages\/17\/revisions\/424"}],"up":[{"embeddable":true,"href":"https:\/\/globaldialogues.org\/portugues\/wp-json\/wp\/v2\/pages\/15"}],"wp:attachment":[{"href":"https:\/\/globaldialogues.org\/portugues\/wp-json\/wp\/v2\/media?parent=17"}],"curies":[{"name":"wp","href":"https:\/\/api.w.org\/{rel}","templated":true}]}}