{"id":13,"date":"2012-11-21T17:06:38","date_gmt":"2012-11-21T17:06:38","guid":{"rendered":"https:\/\/globaldialogues.org\/portugues\/?page_id=13"},"modified":"2012-11-26T22:52:52","modified_gmt":"2012-11-26T22:52:52","slug":"contact-us","status":"publish","type":"page","link":"https:\/\/globaldialogues.org\/portugues\/contact-us\/","title":{"rendered":"Contactem-no"},"content":{"rendered":"<p>Se tiverem d\u00favidas ou coment\u00e1rios a fazer, e especialmente se tiverem sugest\u00f5es sobre como podemos tornar o nosso trabalho mais \u00fatil, gostar\u00edamos muito de ter not\u00edcias vossas. Podem contactar-nos atrav\u00e9s das liga\u00e7\u00f5es dos media sociais, ou do endere\u00e7o postal que veem \u00e0 direita ou, se preferirem, podem enviar-nos uma mensagem de e-mail, ao usar o formul\u00e1rio que se segue. Obrigado!\n[contact-form-7 id=&#8221;158&#8243; title=&#8221;Contact Page Form&#8221; class=&#8221;contact_page_form&#8221;]\n","protected":false},"excerpt":{"rendered":"<p>Se tiverem d\u00favidas ou coment\u00e1rios a fazer, e especialmente se tiverem sugest\u00f5es sobre como podemos tornar o nosso trabalho mais \u00fatil, gostar\u00edamos muito de ter not\u00edcias vossas. Podem contactar-nos atrav\u00e9s das liga\u00e7\u00f5es dos media sociais, ou do endere\u00e7o postal que veem \u00e0 direita ou, se preferirem, podem enviar-nos uma mensagem de e-mail, ao usar o <a class=\"read-more\" href=\" https:\/\/globaldialogues.org\/portugues\/contact-us\/\">&#8230;Read More<\/a><\/p>\n","protected":false},"author":3,"featured_media":14,"parent":0,"menu_order":0,"comment_status":"open","ping_status":"open","template":"template_sidebar_right.php","meta":{"footnotes":""},"class_list":["post-13","page","type-page","status-publish","has-post-thumbnail","hentry"],"aioseo_notices":[],"_links":{"self":[{"href":"https:\/\/globaldialogues.org\/portugues\/wp-json\/wp\/v2\/pages\/13","targetHints":{"allow":["GET"]}}],"collection":[{"href":"https:\/\/globaldialogues.org\/portugues\/wp-json\/wp\/v2\/pages"}],"about":[{"href":"https:\/\/globaldialogues.org\/portugues\/wp-json\/wp\/v2\/types\/page"}],"author":[{"embeddable":true,"href":"https:\/\/globaldialogues.org\/portugues\/wp-json\/wp\/v2\/users\/3"}],"replies":[{"embeddable":true,"href":"https:\/\/globaldialogues.org\/portugues\/wp-json\/wp\/v2\/comments?post=13"}],"version-history":[{"count":7,"href":"https:\/\/globaldialogues.org\/portugues\/wp-json\/wp\/v2\/pages\/13\/revisions"}],"predecessor-version":[{"id":164,"href":"https:\/\/globaldialogues.org\/portugues\/wp-json\/wp\/v2\/pages\/13\/revisions\/164"}],"wp:featuredmedia":[{"embeddable":true,"href":"https:\/\/globaldialogues.org\/portugues\/wp-json\/wp\/v2\/media\/14"}],"wp:attachment":[{"href":"https:\/\/globaldialogues.org\/portugues\/wp-json\/wp\/v2\/media?parent=13"}],"curies":[{"name":"wp","href":"https:\/\/api.w.org\/{rel}","templated":true}]}}