{"id":11,"date":"2012-11-21T17:24:26","date_gmt":"2012-11-21T17:24:26","guid":{"rendered":"https:\/\/globaldialogues.org\/portugues\/?page_id=11"},"modified":"2014-08-29T20:06:00","modified_gmt":"2014-08-29T20:06:00","slug":"how-to-help","status":"publish","type":"page","link":"https:\/\/globaldialogues.org\/portugues\/about-us\/how-to-help\/","title":{"rendered":"Como ajudar"},"content":{"rendered":"<div class=\"widget_container donate_chrome\" ><div class=\"widget_title\"><h3>Fa\u00e7a um donativo<\/h3><\/div>\n<div class=\"sc_paypal\"><form action=\"https:\/\/www.paypal.com\/cgi-bin\/webscr\" method=\"post\">\t\r\n            <input type=\"hidden\" name=\"cmd\" value=\"_donations\" class=\"donate_type\">\r\n            <input type=\"hidden\" name=\"business\" value=\"6D8LNKEPGFMLC\">\t\r\n            <input type=\"hidden\" name=\"lc\" value=\"US\">\r\n            <input type=\"hidden\" name=\"currency_code\" value=\"USD\">            \t\r\n            <input type=\"hidden\" name=\"item_name\" value=\"Global Dialogues - Donation\">\r\n            <input type=\"hidden\" name=\"return\" value=\"https:\/\/globaldialogues.org\/portugues\/about-us\/how-to-help\/\">\r\n            <input type=\"hidden\" name=\"cancel_return\" value=\"https:\/\/globaldialogues.org\/portugues\/about-us\/how-to-help\/\">\r\n            <input type=\"hidden\" name=\"p3\" value=\"1\">\r\n            <input type=\"hidden\" name=\"t3\" value=\"M\">\r\n            <input type=\"hidden\" name=\"srt\" value=\"0\">\r\n            <input type=\"hidden\" name=\"src\" value=\"1\">\r\n            <input type=\"hidden\" name=\"no_note\" value=\"1\">\r\n            <select class=\"donate_amount\" name=\"amount\">\r\n                <option value=\"5.00\">US$5.00<\/option>\r\n                <option value=\"10.00\">US$10.00<\/option>\r\n                <option value=\"25.00\">US$25.00<\/option>\r\n                <option value=\"50.00\">US$50.00<\/option>\r\n                <option value=\"100.00\">US$100.00<\/option>\r\n                <option class=\"donation_other\" value=\"\">Other Amount<\/option>\r\n            <\/select>\r\n            <input type=\"submit\" class=\"button dark_blue smaller\"  border=\"0\" name=\"submit\" alt=\"Pay through Paypal\" value=\"Fazer donativo\">\r\n            <span class=\"sub_checkbox\">\r\n            \t<input type=\"checkbox\" id=\"subscription_on\">Tornar esta subscri\u00e7\u00e3o mensal\r\n\t\t\t<\/span>\r\n            \r\n        <\/form><p>Opera\u00e7\u00e3o segura via <br \/>\r\n\t<img decoding=\"async\" alt=\"\" border=\"0\" src=\"https:\/\/globaldialogues.org\/portugues\/wp-content\/themes\/global\/images\/paypal_logo.png \"><span class=\"no_signup\">N\u00e3o \u00e9 necess\u00e1rio registo.<\/span><\/p><\/div><script >\r\n\t\t\r\n\t\t\tjQuery(document).ready(function() {\r\n\t\t\t\tvar subCheck = jQuery('input#subscription_on');\r\n\t\t\t\tvar donateAmt = jQuery('.donate_amount');\r\n\t\t\t\tvar donateOther = jQuery('.donation_other');\r\n\t\t\t\tvar donateType = jQuery('.donate_type');\r\n\t\t\t\t\r\n\t\t\t\t\r\n\t\t\t\tjQuery(subCheck).change( function() {\t\r\n\t\t\t\t\tif(jQuery(this).is(':checked')) {\t\t\t\t\t\t\r\n\t\t\t\t\t\t\/\/ do stuff to the form for the subscription\t\t\t\t\t\t\r\n\t\t\t\t\t\tjQuery(donateAmt).attr('name', 'a3');\r\n\t\t\t\t\t\tjQuery(donateAmt).val(jQuery('.donate_amount option:first').val());\r\n\t\t\t\t\t\tjQuery(donateOther).hide();\r\n\t\t\t\t\t\tjQuery(donateType).val('_xclick-subscriptions');\t\r\n\t\t\t\t\t} else {\r\n\t\t\t\t\t\t\/\/ do stuff to form for donation\t\t\t\t\t\t\r\n\t\t\t\t\t\tjQuery(donateAmt).attr('name', 'amount');\r\n\t\t\t\t\t\tjQuery(donateOther).show();\r\n\t\t\t\t\t\tjQuery(donateType).val('_donations');\t\t\t\t\t\t\r\n\t\t\t\t\t}\r\n\t\t\t\t});\t\t\t\r\n\t\t\t});\r\n\t\t\r\n\t\t<\/script>\n<\/div>\n<span class=\"sc_quotebox\">\nAs vidas em prol dos outros dependem das vidas de apoio.\n<span class=\"small_quote\">&nbsp;<\/span><br \/><span class=\"quote_author\">Cita\u00e7\u00e3o de Tracy Kidder, Mountains Beyond Mountains<\/span><\/span>\n<p>Na Global Dialogues, orgulhamo-nos da nossa reputa\u00e7\u00e3o de integridade financeira e do nosso hist\u00f3rico de aproveitar ao m\u00e1ximo cada d\u00f3lar, euro ou libra esterlina. Mantemos as nossas despesas gerais extraordinariamente baixas, e somos excelentes a obter apoio em esp\u00e9cie, para aumentar o impacto dos fundos que recebemos. Ficar\u00edamos gratos, se ponderassem apoiar-nos. Obrigado.<\/p>\n<div id=\"how_help_tabs\" class=\"sc_tabs\" ><ul><li class=\"\"><a href=\"#donate\">Fa\u00e7a um donativo<\/a><\/li><li class=\"\"><a href=\"#tab2\">Tab Title 2<\/a><\/li><li class=\"\"><a href=\"#tab3\">Tab Title 3<\/a><\/li><\/ul><div id=\"donate\" class=\"tab_item\" style=\"display:none;\" >\n\n<p>Obrigado por quererem contribuir para a nossa causa. \u00c9 gra\u00e7as a donativos generosos como os vossos que conseguimos fazer o que fazemos.<\/p>\n<h2>Fa\u00e7a um Donativo: Com o Pay Pal, demora apenas alguns minutos.<\/h2>\n<div class=\"sc_paypal\"><form action=\"https:\/\/www.paypal.com\/cgi-bin\/webscr\" method=\"post\">\t\r\n            <input type=\"hidden\" name=\"cmd\" value=\"_donations\" class=\"donate_type\">\r\n            <input type=\"hidden\" name=\"business\" value=\"6D8LNKEPGFMLC\">\t\r\n            <input type=\"hidden\" name=\"lc\" value=\"US\">\r\n            <input type=\"hidden\" name=\"currency_code\" value=\"USD\">            \t\r\n            <input type=\"hidden\" name=\"item_name\" value=\"Global Dialogues - Donation\">\r\n            <input type=\"hidden\" name=\"return\" value=\"https:\/\/globaldialogues.org\/portugues\/about-us\/how-to-help\/\">\r\n            <input type=\"hidden\" name=\"cancel_return\" value=\"https:\/\/globaldialogues.org\/portugues\/about-us\/how-to-help\/\">\r\n            <input type=\"hidden\" name=\"p3\" value=\"1\">\r\n            <input type=\"hidden\" name=\"t3\" value=\"M\">\r\n            <input type=\"hidden\" name=\"srt\" value=\"0\">\r\n            <input type=\"hidden\" name=\"src\" value=\"1\">\r\n            <input type=\"hidden\" name=\"no_note\" value=\"1\">\r\n            <select class=\"donate_amount\" name=\"amount\">\r\n                <option value=\"5.00\">US$5.00<\/option>\r\n                <option value=\"10.00\">US$10.00<\/option>\r\n                <option value=\"25.00\">US$25.00<\/option>\r\n                <option value=\"50.00\">US$50.00<\/option>\r\n                <option value=\"100.00\">US$100.00<\/option>\r\n                <option class=\"donation_other\" value=\"\">Other Amount<\/option>\r\n            <\/select>\r\n            <input type=\"submit\" class=\"button dark_blue smaller\"  border=\"0\" name=\"submit\" alt=\"Pay through Paypal\" value=\"Fazer donativo\">\r\n            <span class=\"sub_checkbox\">\r\n            \t<input type=\"checkbox\" id=\"subscription_on\">Tornar esta subscri\u00e7\u00e3o mensal\r\n\t\t\t<\/span>\r\n            \r\n        <\/form><p>Opera\u00e7\u00e3o segura via <br \/>\r\n\t<img decoding=\"async\" alt=\"\" border=\"0\" src=\"https:\/\/globaldialogues.org\/portugues\/wp-content\/themes\/global\/images\/paypal_logo.png \"><span class=\"no_signup\">N\u00e3o \u00e9 necess\u00e1rio registo.<\/span><\/p><\/div><script >\r\n\t\t\r\n\t\t\tjQuery(document).ready(function() {\r\n\t\t\t\tvar subCheck = jQuery('input#subscription_on');\r\n\t\t\t\tvar donateAmt = jQuery('.donate_amount');\r\n\t\t\t\tvar donateOther = jQuery('.donation_other');\r\n\t\t\t\tvar donateType = jQuery('.donate_type');\r\n\t\t\t\t\r\n\t\t\t\t\r\n\t\t\t\tjQuery(subCheck).change( function() {\t\r\n\t\t\t\t\tif(jQuery(this).is(':checked')) {\t\t\t\t\t\t\r\n\t\t\t\t\t\t\/\/ do stuff to the form for the subscription\t\t\t\t\t\t\r\n\t\t\t\t\t\tjQuery(donateAmt).attr('name', 'a3');\r\n\t\t\t\t\t\tjQuery(donateAmt).val(jQuery('.donate_amount option:first').val());\r\n\t\t\t\t\t\tjQuery(donateOther).hide();\r\n\t\t\t\t\t\tjQuery(donateType).val('_xclick-subscriptions');\t\r\n\t\t\t\t\t} else {\r\n\t\t\t\t\t\t\/\/ do stuff to form for donation\t\t\t\t\t\t\r\n\t\t\t\t\t\tjQuery(donateAmt).attr('name', 'amount');\r\n\t\t\t\t\t\tjQuery(donateOther).show();\r\n\t\t\t\t\t\tjQuery(donateType).val('_donations');\t\t\t\t\t\t\r\n\t\t\t\t\t}\r\n\t\t\t\t});\t\t\t\r\n\t\t\t});\r\n\t\t\r\n\t\t<\/script>\n<div class=\"clear\" ><\/div><\/div><div id=\"tab2\" class=\"tab_item\" style=\"display:none;\" >\n\n<p>Por favor, ajudem-nos a divulgar o que fazemos, atrav\u00e9s dos media sociais, e-mail ou at\u00e9 nos vossos sites, o que for mais pr\u00e1tico. Tent\u00e1mos torn\u00e1-lo mais f\u00e1cil e r\u00e1pido, com os links e o texto sugerido que se seguem. Muito obrigado!<\/p>\n<h2>Media sociais<\/h2>\n    \r\n\t<div class=\"facebook_share\" >\r\n\t<textarea class=\"share_msg\" >\nParticipar no mais recente concurso da Global Dialogues, ao criar uma hist\u00f3ria sobre VIH\/SIDA, sexualidade, viol\u00eancia contra mulheres, ou drogas, \u00e1lcool e sexo. Todos os pormenores do concurso, incluindo os pr\u00e9mios a atribuir, podem encontrar-se em www.globaldialogues.org. Prazo limite: 31 de mar\u00e7o de 2015. Boa sorte!\n<\/textarea>\r\n\t<a class=\"button send\" target=\"_blank\" href=\"https:\/\/www.facebook.com\/sharer\/sharer.php?s=100&p%5Burl%5D=https%3A%2F%2Fglobaldialogues.org%2Fportugues&p%5Btitle%5D=Global+Dialogues+-+Portugu%C3%AAs&p%5Bsummary%5D=%0AParticipar+no+mais+recente+concurso+da+Global+Dialogues%2C+ao+criar+uma+hist%C3%B3ria+sobre+VIH%2FSIDA%2C+sexualidade%2C+viol%C3%AAncia+contra+mulheres%2C+ou+drogas%2C+%C3%A1lcool+e+sexo.+Todos+os+pormenores+do+concurso%2C+incluindo+os+pr%C3%A9mios+a+atribuir%2C+podem+encontrar-se+em+www.globaldialogues.org.+Prazo+limite%3A+31+de+mar%C3%A7o+de+2015.+Boa+sorte%21%0A\">Publicar<\/a>\t\r\n\t<\/div>\r\n    \r\n    <script type=\"text\/javascript\">\r\n\t\t$(document).ready(function(){\r\n\t\t\t\/\/target the text box\r\n\t\t\tvar textarea = $('.facebook_share .share_msg');\t\r\n\t\t\tvar baseurl = \"https:\/\/www.facebook.com\/sharer\/sharer.php?s=100&p%5Burl%5D=http%3A%2F%2Fglobaldialogues.org&p%5Btitle%5D=GlobalDialogues&p%5Bsummary%5D=\";\t\t\r\n\t\t\ttextarea.keyup(function() {\r\n\t\t\t\t$(\".facebook_share a.send\").attr(\"href\", baseurl + encodeURI(textarea.val()));\t\t\t\r\n\t\t\t})\t\r\n\t\t});    \r\n\t<\/script>\r\n    \r\n<div class=\"col_4\" >\n\n<\/div>\n\t<div class=\"twitter_share\" >        \r\n        <div class=\"share_info\">        \r\n            <textarea class=\"share_msg\" >\nParticipar no mais recente concurso da Global Dialogues, ao criar uma hist\u00f3ria sobre VIH\/SIDA, sexualidade, viol\u00eancia contra mulheres, ou drogas, \u00e1lcool e sexo. Todos os pormenores do concurso, incluindo os pr\u00e9mios a atribuir, podem encontrar-se em www.globaldialogues.org. Prazo limite: 31 de mar\u00e7o de 2015. Boa sorte!\n<\/textarea>\r\n            <a class=\"button send\" target=\"_blank\" href=\"http:\/\/twitter.com\/intent\/tweet?status=%0AParticipar+no+mais+recente+concurso+da+Global+Dialogues%2C+ao+criar+uma+hist%C3%B3ria+sobre+VIH%2FSIDA%2C+sexualidade%2C+viol%C3%AAncia+contra+mulheres%2C+ou+drogas%2C+%C3%A1lcool+e+sexo.+Todos+os+pormenores+do+concurso%2C+incluindo+os+pr%C3%A9mios+a+atribuir%2C+podem+encontrar-se+em+www.globaldialogues.org.+Prazo+limite%3A+31+de+mar%C3%A7o+de+2015.+Boa+sorte%21%0A\">Tweeter<\/a>\t\r\n        <\/div>\r\n\t<\/div>\r\n    \r\n    <script type=\"text\/javascript\">\r\n\t\t$(document).ready(function(){\r\n\t\t\t\/\/target the text box\r\n\t\t\tvar textarea = $('.twitter_share .share_msg');\t\r\n\t\t\tvar baseurl = \"http:\/\/twitter.com\/intent\/tweet?status=\";\t\t\r\n\t\t\ttextarea.keyup(function() {\r\n\t\t\t\t$(\".twitter_share a.send\").attr(\"href\", baseurl + encodeURI(textarea.val()));\t\t\t\r\n\t\t\t})\t\r\n\t\t});    \r\n\t<\/script>\r\n<div class=\"col_4 last suf_1\" >\n\n<\/div>\n<div class=\"clear\" ><\/div>\n\t<div class=\"linkedin_share\" >\r\n\t<textarea class=\"share_msg\" >\nParticipar no mais recente concurso da Global Dialogues, ao criar uma hist\u00f3ria sobre VIH\/SIDA, sexualidade, viol\u00eancia contra mulheres, ou drogas, \u00e1lcool e sexo. Todos os pormenores do concurso, incluindo os pr\u00e9mios a atribuir, podem encontrar-se em www.globaldialogues.org. Prazo limite: 31 de mar\u00e7o de 2015. Boa sorte!\n<\/textarea>\r\n\t<a class=\"button send\" target=\"_blank\" href=\"http:\/\/www.linkedin.com\/shareArticle?mini=false&url=https%3A%2F%2Fglobaldialogues.org%2Fportugues&title=Global+Dialogues+-+Portugu%C3%AAs&ro=false&summary=%0AParticipar+no+mais+recente+concurso+da+Global+Dialogues%2C+ao+criar+uma+hist%C3%B3ria+sobre+VIH%2FSIDA%2C+sexualidade%2C+viol%C3%AAncia+contra+mulheres%2C+ou+drogas%2C+%C3%A1lcool+e+sexo.+Todos+os+pormenores+do+concurso%2C+incluindo+os+pr%C3%A9mios+a+atribuir%2C+podem+encontrar-se+em+www.globaldialogues.org.+Prazo+limite%3A+31+de+mar%C3%A7o+de+2015.+Boa+sorte%21%0A\">Partilhar<\/a>\t\r\n\t<\/div>\r\n    \r\n    <script type=\"text\/javascript\">\r\n\t\t$(document).ready(function(){\r\n\t\t\t\/\/target the text box\r\n\t\t\tvar textarea = $('.linkedin_share .share_msg');\t\r\n\t\t\tvar baseurl = \"http:\/\/www.linkedin.com\/shareArticle?mini=true&url=https%3A%2F%2Fglobaldialogues.org%2Fportugues&title=Global+Dialogues+-+Portugu%C3%AAs&ro=false&summary=\";\t\t\r\n\t\t\ttextarea.keyup(function() {\r\n\t\t\t\t$(\".linkedin_share a.send\").attr(\"href\", baseurl + encodeURI(textarea.val()));\t\t\t\r\n\t\t\t})\t\r\n\t\t});    \r\n\t<\/script>\r\n    \r\n<div class=\"col_4\" >\n\n<\/div>\n<div class=\"col_4 last suf_1\" >\n<h2>Partilhar<\/h2>\n<a href=\"http:\/\/pinterest.com\/pin\/create\/button\/?url=https%3A%2F%2Fglobaldialogues.org%2Fportugues&media=https%3A%2F%2Fglobaldialogues.org%2Fportugues%2Fwp-content%2Fthemes%2Fglobal%2Fimages%2Fglobal_logo.png\" class=\"pin-it-button\" count-layout=\"vertical\"><img decoding=\"async\" border=\"0\" src=\"\/\/assets.pinterest.com\/images\/PinExt.png\" title=\"Pin It\" \/><\/a><script type=\"text\/javascript\" src=\"\/\/assets.pinterest.com\/js\/pinit.js\"><\/script>\n<div class=\"g-plusone\" data-size=\"tall\"><\/div><script type=\"text\/javascript\">\r\n\t\t\t\t  (function() {\r\n\t\t\t\t\tvar po = document.createElement('script'); po.type = 'text\/javascript'; po.async = true;\r\n\t\t\t\t\tpo.src = 'https:\/\/apis.google.com\/js\/plusone.js';\r\n\t\t\t\t\tvar s = document.getElementsByTagName('script')[0]; s.parentNode.insertBefore(po, s);\r\n\t\t\t\t  })();\r\n\t\t\t\t<\/script>\n<\/div>\n<div class=\"clear\" ><\/div>\n<div class=\"col_4 help_contact_form\" >\n<h2>Email<\/h2>\n[contact-form-7 id=&#8221;165&#8243; title=&#8221;How to help contact&#8221;]\n<\/div>\n<div class=\"col_4 last suf_1\" >\n<h2>Inserir no seu site ou blog<\/h2>\n<div class=\"sc_select_embed\" ><textarea>\n<h3>Concurso internacional criativo da Global Dialogues, at\u00e9 31 de mar\u00e7o de 2015<\/h3>\n<p>Participar no mais recente concurso da Global Dialogues, ao criar uma hist\u00f3ria sobre VIH\/SIDA, sexualidade, viol\u00eancia contra mulheres, ou drogas, \u00e1lcool e sexo. Todos os pormenores do concurso, incluindo os pr\u00e9mios a atribuir, podem encontrar-se em www.globaldialogues.org. Prazo limite: 31 de mar\u00e7o de 2015. Boa sorte!<\/p>\n<\/textarea><a class=\"button\" >Copiar para \u00c1rea de Transfer\u00eancia<\/a><\/div><script type=\"text\/javascript\">\r\n\t\tjQuery(\".sc_select_embed a\").click(function() {\t\t\r\n\t\t\tjQuery(\".sc_select_embed textarea\").focus();\r\n\t\t\tjQuery(\".sc_select_embed textarea\").select();\r\n\t\t});\t\r\n\t<\/script>\n<br \/>\n<\/div>\n<div class=\"clear\" ><\/div><\/div><div id=\"tab3\" class=\"tab_item\" style=\"display:none;\" >\n\n<p>Se puderem dispor de uma hora ou duas (ou mais) para nos dar uma ajuda, por favor contactem-nos, preenchendo o formul\u00e1rio que se segue. Obrigado.   \n<hr \/>\n[contact-form-7 id=&#8221;167&#8243; title=&#8221;Volunteer Form&#8221;]\n<div class=\"clear\" ><\/div><\/div><\/div><div style=\"display:none;\"><script type=\"text\/javascript\">jQuery(document).ready(function(){\r\n\t\tjQuery('#how_help_tabs div.tab_item:first').show();\r\n\t\tjQuery('#how_help_tabs ul li:first').addClass('active');\r\n\t\tjQuery('#how_help_tabs ul li a').click(function(){\r\n\t\tjQuery('#how_help_tabs ul li').removeClass('active');\r\n\t\tjQuery(this).parent().addClass('active');\r\n\t\tvar currentTab = jQuery(this).attr('href');\r\n\t\tjQuery('#how_help_tabs div.tab_item').hide();\r\n\t\tjQuery(currentTab).show();\r\n\t\treturn false;\r\n\t\t});\r\n\t});<\/script><\/div>\n","protected":false},"excerpt":{"rendered":"<p>Na Global Dialogues, orgulhamo-nos da nossa reputa\u00e7\u00e3o de integridade financeira e do nosso hist\u00f3rico de aproveitar ao m\u00e1ximo cada d\u00f3lar, euro ou libra esterlina. Mantemos as nossas despesas gerais extraordinariamente baixas, e somos excelentes a obter apoio em esp\u00e9cie, para aumentar o impacto dos fundos que recebemos. Ficar\u00edamos gratos, se ponderassem apoiar-nos. Obrigado.<\/p>\n","protected":false},"author":3,"featured_media":0,"parent":6,"menu_order":4,"comment_status":"open","ping_status":"open","template":"template_sidebar_left.php","meta":{"footnotes":""},"class_list":["post-11","page","type-page","status-publish","hentry"],"aioseo_notices":[],"_links":{"self":[{"href":"https:\/\/globaldialogues.org\/portugues\/wp-json\/wp\/v2\/pages\/11","targetHints":{"allow":["GET"]}}],"collection":[{"href":"https:\/\/globaldialogues.org\/portugues\/wp-json\/wp\/v2\/pages"}],"about":[{"href":"https:\/\/globaldialogues.org\/portugues\/wp-json\/wp\/v2\/types\/page"}],"author":[{"embeddable":true,"href":"https:\/\/globaldialogues.org\/portugues\/wp-json\/wp\/v2\/users\/3"}],"replies":[{"embeddable":true,"href":"https:\/\/globaldialogues.org\/portugues\/wp-json\/wp\/v2\/comments?post=11"}],"version-history":[{"count":13,"href":"https:\/\/globaldialogues.org\/portugues\/wp-json\/wp\/v2\/pages\/11\/revisions"}],"predecessor-version":[{"id":419,"href":"https:\/\/globaldialogues.org\/portugues\/wp-json\/wp\/v2\/pages\/11\/revisions\/419"}],"up":[{"embeddable":true,"href":"https:\/\/globaldialogues.org\/portugues\/wp-json\/wp\/v2\/pages\/6"}],"wp:attachment":[{"href":"https:\/\/globaldialogues.org\/portugues\/wp-json\/wp\/v2\/media?parent=11"}],"curies":[{"name":"wp","href":"https:\/\/api.w.org\/{rel}","templated":true}]}}