{"id":10,"date":"2012-11-21T17:23:56","date_gmt":"2012-11-21T17:23:56","guid":{"rendered":"https:\/\/globaldialogues.org\/portugues\/?page_id=10"},"modified":"2013-01-11T21:51:51","modified_gmt":"2013-01-11T21:51:51","slug":"our-history","status":"publish","type":"page","link":"https:\/\/globaldialogues.org\/portugues\/about-us\/our-history\/","title":{"rendered":"A nossa hist\u00f3ria"},"content":{"rendered":"<p>Sempre que contamos a hist\u00f3ria da Global Dialogues, come\u00e7amos por expressar a nossa gratid\u00e3o para com os nossos amigos Didier Jayle e Antonio Ugidos. Juntamente com os seus colegas da <a title=\"CRIPS\" href=\"http:\/\/lecrips-idf.net\" target=\"_blank\">CRIPS<\/a> Paris, no in\u00edcio da d\u00e9cada de 1990, conceberam e implementaram um projeto inovador, denominado 3000 Cen\u00e1rios Contra um V\u00edrus. A sua abordagem participativa e multidisciplinar, com base no respeito pelas perspetivas dos jovens e na amplifica\u00e7\u00e3o da sua voz, atrav\u00e9s de media de mudan\u00e7a social, foi extraordin\u00e1ria pela sua humildade e efic\u00e1cia duradoura. Estamos gratos a Didier e Antonio pela sua b\u00ean\u00e7\u00e3o quando, em 1997, fund\u00e1mos o Global Dialogues Trust e pedimos autoriza\u00e7\u00e3o para nos inspirarmos no seu trabalho.<\/p>\n<p>Nesse mesmo ano, lan\u00e7\u00e1mos o conceito 3000 Cen\u00e1rios, em tr\u00eas pa\u00edses da \u00c1frica Ocidental. Milhares de jovens participaram no primeiro concurso \u201cCen\u00e1rios de Sahel\u201d, ao escreverem uma hist\u00f3ria para uma curta-metragem sobre o VIH\/SIDA. Em seguida, os realizadores de renome do continente fizeram a sua magia, ao darem vida \u00e0s narrativas vencedoras. Em 2002, o projeto cresceu e tornou-se &#8220;<a title=\"Scenarios from Africa\" href=\"http:\/\/www.scenariosafrica.org\" target=\"_blank\">Hist\u00f3rias de \u00c1frica<\/a>&#8221; e, na d\u00e9cada seguinte, estendeu-se a todos os cantos do continente e aos Africanos que viviam no estrangeiro. Entre 1997-2012, mais de 150 000 jovens, de cerca de 50 pa\u00edses, participaram nos concursos, levados a cabo pela Global Dialogues. Al\u00e9m disso, 39 filmes baseados em argumentos vencedores foram produzidos, disponibilizados em 29 l\u00ednguas e distribu\u00eddos, chegando a 200 000 000 pessoas, todos os anos. Os filmes de Global Dialogues contam-se entre os recursos educativos mais usados para reagir ao VIH\/SIDA, por toda a \u00c1frica, e podem ser visualizados, juntamente com document\u00e1rios sobre Hist\u00f3rias de \u00c1frica, em <a title=\"Global Dialogues YouTube Channel\" href=\"http:\/\/www.youtube.com\/watch?v=buCkXKVtvTI&amp;list=PLD02D977C94E49465&amp;index=2&amp;feature=plpp_video\" target=\"_blank\">www.youtube.com\/globaldialogues<\/a>.<\/p>\n<p>O nosso programa e metodologias evolu\u00edram bastante, desde o lan\u00e7amento do projeto. Al\u00e9m disso, o tema central, inicialmente apenas o VIH\/SIDA, foi alargado para incluir outros t\u00f3picos priorit\u00e1rios para os jovens e as suas comunidades. Em resposta ao pedido constante de alargar o processo e os resultados para al\u00e9m de \u00c1frica, o projeto foi redimensionado para se tornar um esfor\u00e7o mundial, no final de 2012, agora com a denomina\u00e7\u00e3o da organiza\u00e7\u00e3o coordenadora, Global Dialogues.<\/p>\n","protected":false},"excerpt":{"rendered":"<p>Sempre que contamos a hist\u00f3ria da Global Dialogues, come\u00e7amos por expressar a nossa gratid\u00e3o para com os nossos amigos Didier Jayle e Antonio Ugidos. Juntamente com os seus colegas da CRIPS Paris, no in\u00edcio da d\u00e9cada de 1990, conceberam e implementaram um projeto inovador, denominado 3000 Cen\u00e1rios Contra um V\u00edrus. A sua abordagem participativa e <a class=\"read-more\" href=\" https:\/\/globaldialogues.org\/portugues\/about-us\/our-history\/\">&#8230;Read More<\/a><\/p>\n","protected":false},"author":1,"featured_media":0,"parent":6,"menu_order":3,"comment_status":"open","ping_status":"open","template":"template_sidebar_left_and_extra_content.php","meta":{"footnotes":""},"class_list":["post-10","page","type-page","status-publish","hentry"],"aioseo_notices":[],"_links":{"self":[{"href":"https:\/\/globaldialogues.org\/portugues\/wp-json\/wp\/v2\/pages\/10","targetHints":{"allow":["GET"]}}],"collection":[{"href":"https:\/\/globaldialogues.org\/portugues\/wp-json\/wp\/v2\/pages"}],"about":[{"href":"https:\/\/globaldialogues.org\/portugues\/wp-json\/wp\/v2\/types\/page"}],"author":[{"embeddable":true,"href":"https:\/\/globaldialogues.org\/portugues\/wp-json\/wp\/v2\/users\/1"}],"replies":[{"embeddable":true,"href":"https:\/\/globaldialogues.org\/portugues\/wp-json\/wp\/v2\/comments?post=10"}],"version-history":[{"count":6,"href":"https:\/\/globaldialogues.org\/portugues\/wp-json\/wp\/v2\/pages\/10\/revisions"}],"predecessor-version":[{"id":300,"href":"https:\/\/globaldialogues.org\/portugues\/wp-json\/wp\/v2\/pages\/10\/revisions\/300"}],"up":[{"embeddable":true,"href":"https:\/\/globaldialogues.org\/portugues\/wp-json\/wp\/v2\/pages\/6"}],"wp:attachment":[{"href":"https:\/\/globaldialogues.org\/portugues\/wp-json\/wp\/v2\/media?parent=10"}],"curies":[{"name":"wp","href":"https:\/\/api.w.org\/{rel}","templated":true}]}}