{"id":9,"date":"2012-11-21T06:48:21","date_gmt":"2012-11-21T06:48:21","guid":{"rendered":"https:\/\/globaldialogues.org\/espanol\/?page_id=9"},"modified":"2013-12-11T23:12:55","modified_gmt":"2013-12-11T23:12:55","slug":"team-partners","status":"publish","type":"page","link":"https:\/\/globaldialogues.org\/espanol\/about-us\/team-partners\/","title":{"rendered":"Equipo y socios"},"content":{"rendered":"<p>La esencia de Di\u00e1logos Globales se basa en la asociaci\u00f3n plena y multidisciplinaria. Desde 1997, el proyecto se ha centrado en la generaci\u00f3n, mantenimiento y expansi\u00f3n continua de una red internacional de socios excepcionalmente comprometidos y el fomento de sinergias entre ellos. Los j\u00f3venes, en particular los m\u00e1s vulnerables, forman el coraz\u00f3n del equipo de Di\u00e1logos Globales. Ellos son apoyados por los principales especialistas en varios campos relacionados entre s\u00ed, tales como:<\/p>\n<div class=\"col_3\" >\n<ul>\n<li>salud p\u00fablica mundial<\/li>\n<li>estudios de empat\u00eda y compasi\u00f3n<\/li>\n<li>movilizaci\u00f3n social; voz de la juventud<\/li>\n<li>los medios de comunicaci\u00f3n de cambio social; ICT4D<\/li>\n<li>investigaci\u00f3n narrativa y an\u00e1lisis<\/li>\n<li>activismo local y globa<\/li>\n<\/ul>\n<\/div>\n<div class=\"col_3 last\" >\n<ul>\n<li>VIH\/SIDA; salud y derechos sexuales<\/li>\n<li>no-violencia, salvaguardia de los ni\u00f1os<\/li>\n<li>diversidad y derechos humanos<\/li>\n<li>cine y teatro de la comunidad<\/li>\n<li>antropolog\u00eda, sociolog\u00eda, psicolog\u00eda<\/li>\n<li>idiomas<\/li>\n<\/ul>\n<\/div>\n<p>El proyecto fue fundado en 1997 por Global Dialogues Trust (GDT, n\u00famero de registro de organizaci\u00f3n ben\u00e9fica en el Reino Unido 1071484). La representaci\u00f3n, expansi\u00f3n y coordinaci\u00f3n internacional de Di\u00e1logos Globales son prerrogativa exclusiva de GDT.<\/p>\n<p>Esta familia, en constante crecimiento, es demasiado grande para poder reconocer plena y equitativamente a todos en esta p\u00e1gina.<\/p>\n","protected":false},"excerpt":{"rendered":"<p>La esencia de Di\u00e1logos Globales se basa en la asociaci\u00f3n plena y multidisciplinaria. Desde 1997, el proyecto se ha centrado en la generaci\u00f3n, mantenimiento y expansi\u00f3n continua de una red internacional de socios excepcionalmente comprometidos y el fomento de sinergias entre ellos. Los j\u00f3venes, en particular los m\u00e1s vulnerables, forman el coraz\u00f3n del equipo de <a class=\"read-more\" href=\" https:\/\/globaldialogues.org\/espanol\/about-us\/team-partners\/\">&#8230;Read More<\/a><\/p>\n","protected":false},"author":1,"featured_media":0,"parent":6,"menu_order":3,"comment_status":"open","ping_status":"open","template":"template_sidebar_left_and_right.php","meta":{"footnotes":""},"class_list":["post-9","page","type-page","status-publish","hentry"],"aioseo_notices":[],"_links":{"self":[{"href":"https:\/\/globaldialogues.org\/espanol\/wp-json\/wp\/v2\/pages\/9","targetHints":{"allow":["GET"]}}],"collection":[{"href":"https:\/\/globaldialogues.org\/espanol\/wp-json\/wp\/v2\/pages"}],"about":[{"href":"https:\/\/globaldialogues.org\/espanol\/wp-json\/wp\/v2\/types\/page"}],"author":[{"embeddable":true,"href":"https:\/\/globaldialogues.org\/espanol\/wp-json\/wp\/v2\/users\/1"}],"replies":[{"embeddable":true,"href":"https:\/\/globaldialogues.org\/espanol\/wp-json\/wp\/v2\/comments?post=9"}],"version-history":[{"count":7,"href":"https:\/\/globaldialogues.org\/espanol\/wp-json\/wp\/v2\/pages\/9\/revisions"}],"predecessor-version":[{"id":369,"href":"https:\/\/globaldialogues.org\/espanol\/wp-json\/wp\/v2\/pages\/9\/revisions\/369"}],"up":[{"embeddable":true,"href":"https:\/\/globaldialogues.org\/espanol\/wp-json\/wp\/v2\/pages\/6"}],"wp:attachment":[{"href":"https:\/\/globaldialogues.org\/espanol\/wp-json\/wp\/v2\/media?parent=9"}],"curies":[{"name":"wp","href":"https:\/\/api.w.org\/{rel}","templated":true}]}}