{"id":44,"date":"2012-11-21T07:12:28","date_gmt":"2012-11-21T07:12:28","guid":{"rendered":"https:\/\/globaldialogues.org\/espanol\/?page_id=44"},"modified":"2013-02-18T19:41:17","modified_gmt":"2013-02-18T19:41:17","slug":"violence","status":"publish","type":"page","link":"https:\/\/globaldialogues.org\/espanol\/about-us\/the-issues\/violence\/","title":{"rendered":"Violencia"},"content":{"rendered":"<p>Las im\u00e1genes de violencia est\u00e1n por todas partes, incluso en Internet. Sin embargo, algunos excelentes sitios Web han sido creados por las organizaciones que est\u00e1n trabajando duro para proteger a los ni\u00f1os y j\u00f3venes, para proteger a las ni\u00f1as y las mujeres, a romper los ciclos de violencia y promover un mundo m\u00e1s pac\u00edfico. Le recomendamos firmemente los siguientes sitios, la mayor\u00eda de los cuales contienen enlaces a recursos adicionales:<\/p>\n<ul>\n<li><strong>UNICEF<\/strong>. La Juventud Opina: La Violencia, la Guerra y los Conflictos.\n<a href=\"http:\/\/lajuventudopina.org\/sections\/violence-war-and-conflict\/pages\/the-big-picture\" target=\"_blank\">lajuventudopina.org\/sections\/violence-war-and-conflict\/pages\/the-big-picture<\/a><\/li>\n<li><strong>Amnist\u00eda Internacional<\/strong>. Violencia contra las mujeres.\n<a href=\"http:\/\/www.es.amnesty.org\/temas\/mujeres\/violencia-contra-las-mujeres\/\" target=\"_blank\">www.es.amnesty.org\/temas\/mujeres\/violencia-contra-las-mujeres\/<\/a><\/li>\n<li><strong>Violencia de g\u00e9nero<\/strong>:\n<p><a href=\"http:\/\/hoxe.vigo.org\/movemonos\/muller_vxenero.php?lang=cas\" target=\"_blank\">hoxe.vigo.org\/movemonos\/muller_vxenero.php?lang=cas<\/a><\/li>\n<li><strong>La violencia contra las mujeres<\/strong>: datos y cifras.\n<p><a href=\"http:\/\/saynotoviolence.org\/es\/el-tema\/datos-y-cifras\" target=\"_blank\">saynotoviolence.org\/es\/el-tema\/datos-y-cifras<\/a><\/li>\n<li><strong>La violencia contra la mujer<\/strong>:\n<p><a href=\"http:\/\/womenshealth.gov\/espanol\/violencia-contra-mujer\/\" target=\"_blank\">womenshealth.gov\/espanol\/violencia-contra-mujer\/<\/a><\/li>\n<li><strong>La violencia contra la mujer<\/strong>:\n<p><a href=\"http:\/\/www.who.int\/mediacentre\/factsheets\/fs239\/es\/\" target=\"_blank\">www.who.int\/mediacentre\/factsheets\/fs239\/es\/<\/a><\/li>\n<li><strong>La violencia de pareja<\/strong>:\n<p><a href=\"http:\/\/www.usalo.df.gob.mx\/index.php?option=com_content&amp;view=article&amp;id=299&amp;Itemid=149\" target=\"_blank\">www.usalo.df.gob.mx\/index.php?option=com_content&amp;view=article&amp;id=299&amp;Itemid=149<\/a><\/li>\n<li><strong>Tipos de violencia<\/strong>:\n<p><a href=\"http:\/\/www.conavim.gob.mx\/es\/CONAVIM\/Aprende_a_reconocer_los_tipos_de_violencia\" target=\"_blank\">www.conavim.gob.mx\/es\/CONAVIM\/Aprende_a_reconocer_los_tipos_de_violencia<\/a><\/li>\n<\/ul>\n","protected":false},"excerpt":{"rendered":"<p>Las im\u00e1genes de violencia est\u00e1n por todas partes, incluso en Internet. Sin embargo, algunos excelentes sitios Web han sido creados por las organizaciones que est\u00e1n trabajando duro para proteger a los ni\u00f1os y j\u00f3venes, para proteger a las ni\u00f1as y las mujeres, a romper los ciclos de violencia y promover un mundo m\u00e1s pac\u00edfico. Le <a class=\"read-more\" href=\" https:\/\/globaldialogues.org\/espanol\/about-us\/the-issues\/violence\/\">&#8230;Read More<\/a><\/p>\n","protected":false},"author":3,"featured_media":0,"parent":41,"menu_order":2,"comment_status":"open","ping_status":"open","template":"template_sidebar_left_and_extra_content.php","meta":{"footnotes":""},"class_list":["post-44","page","type-page","status-publish","hentry"],"aioseo_notices":[],"_links":{"self":[{"href":"https:\/\/globaldialogues.org\/espanol\/wp-json\/wp\/v2\/pages\/44","targetHints":{"allow":["GET"]}}],"collection":[{"href":"https:\/\/globaldialogues.org\/espanol\/wp-json\/wp\/v2\/pages"}],"about":[{"href":"https:\/\/globaldialogues.org\/espanol\/wp-json\/wp\/v2\/types\/page"}],"author":[{"embeddable":true,"href":"https:\/\/globaldialogues.org\/espanol\/wp-json\/wp\/v2\/users\/3"}],"replies":[{"embeddable":true,"href":"https:\/\/globaldialogues.org\/espanol\/wp-json\/wp\/v2\/comments?post=44"}],"version-history":[{"count":8,"href":"https:\/\/globaldialogues.org\/espanol\/wp-json\/wp\/v2\/pages\/44\/revisions"}],"predecessor-version":[{"id":323,"href":"https:\/\/globaldialogues.org\/espanol\/wp-json\/wp\/v2\/pages\/44\/revisions\/323"}],"up":[{"embeddable":true,"href":"https:\/\/globaldialogues.org\/espanol\/wp-json\/wp\/v2\/pages\/41"}],"wp:attachment":[{"href":"https:\/\/globaldialogues.org\/espanol\/wp-json\/wp\/v2\/media?parent=44"}],"curies":[{"name":"wp","href":"https:\/\/api.w.org\/{rel}","templated":true}]}}