{"id":4,"date":"2012-11-21T06:46:22","date_gmt":"2012-11-21T06:46:22","guid":{"rendered":"https:\/\/globaldialogues.org\/espanol\/?page_id=4"},"modified":"2013-02-07T16:07:32","modified_gmt":"2013-02-07T16:07:32","slug":"vision-mission","status":"publish","type":"page","link":"https:\/\/globaldialogues.org\/espanol\/about-us\/vision-mission\/","title":{"rendered":"Visi\u00f3n y misi\u00f3n"},"content":{"rendered":"<p>Di\u00e1logos Globales visualiza un mundo sano y pac\u00edfico en donde la humanidad sensible y compasiva florece en un esp\u00edritu de igualdad y unidad en la diversidad.<\/p>\n<span class=\"sc_statement\"><strong>Nuestra misi\u00f3n<\/strong>: promover la salud p\u00fablica mundial y el bienestar social a trav\u00e9s de soluciones propuestas por j\u00f3venes basadas en la creatividad y la colaboraci\u00f3n multidisciplinaria.<\/span>\n<p><strong>Doce formas de describir Di\u00e1logos Globales<\/strong>:<\/p>\n<div class=\"col_4\" >\n<ul>\n<li>Responsable<\/li>\n<li>Colaboradora y abierta<\/li>\n<li>Comprometida con la excelencia<\/li>\n<li>Con experiencia<\/li>\n<li>Innovadora<\/li>\n<li>Inter-creativa<\/li>\n<\/ul>\n<\/div>\n<div class=\"col_4 last suf_1\" >\n<ul>\n<li>Optimista<\/li>\n<li>Emprendedora social<\/li>\n<li>Descarta tab\u00faes<\/li>\n<li>Compasivo<\/li>\n<li>Mundial<\/li>\n<li>Fortaleciendo a los j\u00f3venes<\/li>\n<\/ul>\n<\/div>\n","protected":false},"excerpt":{"rendered":"<p>Di\u00e1logos Globales visualiza un mundo sano y pac\u00edfico en donde la humanidad sensible y compasiva florece en un esp\u00edritu de igualdad y unidad en la diversidad. Doce formas de describir Di\u00e1logos Globales:<\/p>\n","protected":false},"author":1,"featured_media":0,"parent":6,"menu_order":1,"comment_status":"open","ping_status":"open","template":"template_sidebar_left_and_extra_content.php","meta":{"footnotes":""},"class_list":["post-4","page","type-page","status-publish","hentry"],"aioseo_notices":[],"_links":{"self":[{"href":"https:\/\/globaldialogues.org\/espanol\/wp-json\/wp\/v2\/pages\/4","targetHints":{"allow":["GET"]}}],"collection":[{"href":"https:\/\/globaldialogues.org\/espanol\/wp-json\/wp\/v2\/pages"}],"about":[{"href":"https:\/\/globaldialogues.org\/espanol\/wp-json\/wp\/v2\/types\/page"}],"author":[{"embeddable":true,"href":"https:\/\/globaldialogues.org\/espanol\/wp-json\/wp\/v2\/users\/1"}],"replies":[{"embeddable":true,"href":"https:\/\/globaldialogues.org\/espanol\/wp-json\/wp\/v2\/comments?post=4"}],"version-history":[{"count":7,"href":"https:\/\/globaldialogues.org\/espanol\/wp-json\/wp\/v2\/pages\/4\/revisions"}],"predecessor-version":[{"id":311,"href":"https:\/\/globaldialogues.org\/espanol\/wp-json\/wp\/v2\/pages\/4\/revisions\/311"}],"up":[{"embeddable":true,"href":"https:\/\/globaldialogues.org\/espanol\/wp-json\/wp\/v2\/pages\/6"}],"wp:attachment":[{"href":"https:\/\/globaldialogues.org\/espanol\/wp-json\/wp\/v2\/media?parent=4"}],"curies":[{"name":"wp","href":"https:\/\/api.w.org\/{rel}","templated":true}]}}