{"id":29,"date":"2012-11-21T07:06:34","date_gmt":"2012-11-21T07:06:34","guid":{"rendered":"https:\/\/globaldialogues.org\/espanol\/?page_id=29"},"modified":"2014-08-21T04:53:22","modified_gmt":"2014-08-21T04:53:22","slug":"film-distribution","status":"publish","type":"page","link":"https:\/\/globaldialogues.org\/espanol\/films\/film-distribution\/","title":{"rendered":"Distribuci\u00f3n de pel\u00edculas"},"content":{"rendered":"<p>Los medios de cambio social nunca cambiar\u00e1n algo a menos que realmente llegue a la gente. Las pel\u00edculas de Di\u00e1logos Globales son vistas por millones de personas en Internet y en la televisi\u00f3n cada a\u00f1o.<\/p>\n<p>Nuestras pel\u00edculas, disponibles en varios idiomas, se distribuyen de forma gratuita. La copia independiente y su distribuci\u00f3n son bienvenidas, siempre y cuando las pel\u00edculas no se pongan a la venta.<\/p>\n<p><strong>INTERNET<\/strong>: Estamos profundamente agradecidos con nuestros amigos de YouTube por su colaboraci\u00f3n y apoyo invaluables.\u00a0Las pel\u00edculas de Di\u00e1logos Globales han demostrado ser muy populares en la Web con un total de visitas de millones. Las pel\u00edculas de Di\u00e1logos Globales, disponibles en todos los idiomas, pueden verse en <strong><a title=\"Global Dialogues YouTube Channel\" href=\"http:\/\/www.youtube.com\/globaldialogues\" target=\"_blank\"> www.youtube.com\/globaldialogues<\/a><\/strong>. Por favor, considera suscribirte a ese canal, dando a nuestros filmes su pulgar hacia arriba o hacia abajo, expresando tus comentarios y compartiendo las pel\u00edculas en l\u00ednea con los dem\u00e1s.<\/p>\n<p>Es posible\u00a0<a title=\"Download Films\" href=\"https:\/\/globaldialogues.org\/espanol\/films\/download-films\/#.U_Ohffm-2dk\"><strong>descargar<\/strong><\/a> las pel\u00edculas de forma gratuita en Internet. Una vez que descargues las pel\u00edculas que m\u00e1s te gusten, puedes compartir f\u00e1cilmente con otros, por ejemplo, en las unidades USB o a trav\u00e9s de la Web.<\/p>\n<p><strong>TELEVISION:<\/strong>\u00a0Las pel\u00edculas de Di\u00e1logos Globales se donan a las emisoras, libres de derechos y se muestran por docenas de estaciones locales y redes internacionales v\u00eda sat\u00e9lite. Con las pel\u00edculas de Di\u00e1logos Globales, se tiene un alcance de m\u00e1s de 200.000.000 de personas todos los a\u00f1os, \u00a1transformando la voz de la juventud en un <em>rugido<\/em>!<\/p>\n<p>Los directores de cadenas de TV est\u00e1n complacidos con la calidad de las pel\u00edculas y su valor como entretenimiento, su disponibilidad en varios idiomas, la diversidad de temas y tonos, y un formato corto que permite gran flexibilidad en la programaci\u00f3n entre y durante los espect\u00e1culos programados regularmente. Caracter\u00edsticas que son sin duda responsables de la cantidad de tiempo aire libre que se ha concedido a las pel\u00edculas.\u00a0Es estricta pol\u00edtica de Di\u00e1logos Globales nunca pagar por tiempo de aire en televisi\u00f3n.<\/p>\n","protected":false},"excerpt":{"rendered":"<p>Los medios de cambio social nunca cambiar\u00e1n algo a menos que realmente llegue a la gente. Las pel\u00edculas de Di\u00e1logos Globales son vistas por millones de personas en Internet y en la televisi\u00f3n cada a\u00f1o. Nuestras pel\u00edculas, disponibles en varios idiomas, se distribuyen de forma gratuita. La copia independiente y su distribuci\u00f3n son bienvenidas, siempre <a class=\"read-more\" href=\" https:\/\/globaldialogues.org\/espanol\/films\/film-distribution\/\">&#8230;Read More<\/a><\/p>\n","protected":false},"author":3,"featured_media":0,"parent":26,"menu_order":2,"comment_status":"open","ping_status":"open","template":"template_sidebar_left_and_extra_content.php","meta":{"footnotes":""},"class_list":["post-29","page","type-page","status-publish","hentry"],"aioseo_notices":[],"_links":{"self":[{"href":"https:\/\/globaldialogues.org\/espanol\/wp-json\/wp\/v2\/pages\/29","targetHints":{"allow":["GET"]}}],"collection":[{"href":"https:\/\/globaldialogues.org\/espanol\/wp-json\/wp\/v2\/pages"}],"about":[{"href":"https:\/\/globaldialogues.org\/espanol\/wp-json\/wp\/v2\/types\/page"}],"author":[{"embeddable":true,"href":"https:\/\/globaldialogues.org\/espanol\/wp-json\/wp\/v2\/users\/3"}],"replies":[{"embeddable":true,"href":"https:\/\/globaldialogues.org\/espanol\/wp-json\/wp\/v2\/comments?post=29"}],"version-history":[{"count":6,"href":"https:\/\/globaldialogues.org\/espanol\/wp-json\/wp\/v2\/pages\/29\/revisions"}],"predecessor-version":[{"id":458,"href":"https:\/\/globaldialogues.org\/espanol\/wp-json\/wp\/v2\/pages\/29\/revisions\/458"}],"up":[{"embeddable":true,"href":"https:\/\/globaldialogues.org\/espanol\/wp-json\/wp\/v2\/pages\/26"}],"wp:attachment":[{"href":"https:\/\/globaldialogues.org\/espanol\/wp-json\/wp\/v2\/media?parent=29"}],"curies":[{"name":"wp","href":"https:\/\/api.w.org\/{rel}","templated":true}]}}