{"id":28,"date":"2012-11-21T07:05:22","date_gmt":"2012-11-21T07:05:22","guid":{"rendered":"https:\/\/globaldialogues.org\/espanol\/?page_id=28"},"modified":"2014-08-21T04:52:11","modified_gmt":"2014-08-21T04:52:11","slug":"film-production","status":"publish","type":"page","link":"https:\/\/globaldialogues.org\/espanol\/films\/film-production\/","title":{"rendered":"Producci\u00f3n cinematogr\u00e1fica"},"content":{"rendered":"<p>Di\u00e1logos Globales produce medios para el cambio social dise\u00f1ados para contribuir a un mundo m\u00e1s sano, m\u00e1s pac\u00edfico que se caracterice por la empat\u00eda, la compasi\u00f3n y la unidad en la diversidad.<\/p>\n<p>Nuestras pel\u00edculas, basadas en relatos presentados por j\u00f3venes creativos en concursos internacionales, se producen por los cineastas m\u00e1s importantes y por j\u00f3venes talentos. Hasta principios de 2012, nuestras pel\u00edculas se centraban en el VIH\/SIDA y se produjeron \u00fanicamente en \u00c1frica. Ahora, la producci\u00f3n es mundial y nuestro \u00e9nfasis tem\u00e1tico se ha ampliado para incluir otros temas prioritarios que enfrentan los j\u00f3venes de nuestro planeta.<\/p>\n<p>Las pel\u00edculas son altamente valoradas por los organismos de radiodifusi\u00f3n, las ONG y las organizaciones comunitarias que participan en la movilizaci\u00f3n social y el activismo global, en las escuelas y las empresas. Su popularidad\u00a0<a title=\"Global Dialogues YouTube Channel\" href=\"http:\/\/www.youtube.com\/globaldialogues\" target=\"_blank\"><strong>en la Web<\/strong><\/a> se est\u00e1 incrementando.<\/p>\n<p>Los equipos de producci\u00f3n cinematogr\u00e1fica de Di\u00e1logos Globales tienen siempre en cuenta los siguientes principios rectores:<\/p>\n<ul>\n<li>Las pel\u00edculas no deben ser did\u00e1cticas, o herramientas para entregar mensajes, sino que sean motivo de reflexi\u00f3n y di\u00e1logo. \u00c9stas demuestran nuestra fe en las comunidades locales para identificar, explorar y resolver sus problemas prioritarios, a su manera.<\/li>\n<li>Las personas vulnerables deben mostrarse siempre de manera positiva y con dignidad. Las pel\u00edculas deben ayudar a los individuos y a las comunidades para afrontar y superar las desigualdades y prejuicios. Las pel\u00edculas no deben causar una reacci\u00f3n perjudicial.<\/li>\n<li>De la misma forma que se puede hacer mucho bien con una pel\u00edcula excelentemente producida sobre un tema tab\u00fa, tambi\u00e9n pueden causarse graves da\u00f1os si no se toman todas precauciones necesarias, antes de que la pel\u00edcula se termine y se difunda. Es por ello, que el equipo de Di\u00e1logos Globales pone especial \u00e9nfasis en la revisi\u00f3n exhaustiva de los borradores de los guiones cinematogr\u00e1ficos.<\/li>\n<li>Inter-creatividad: La producci\u00f3n cinematogr\u00e1fica de Di\u00e1logos Globales es extraordinariamente multidisciplinaria, con intercambio constante entre los j\u00f3venes, las organizaciones de la sociedad civil y los cineastas.<\/li>\n<\/ul>\n<p>Las pel\u00edculas de Di\u00e1logos Globales se <a title=\"distribuyen\" href=\"https:\/\/globaldialogues.org\/espanol\/films\/film-distribution\/#.U_Ogmfm-2dk\"><strong>distribuyen<\/strong><\/a> en varios idiomas, y est\u00e1n subtituladas para que sean accesibles a las personas sordas y m\u00e1s \u00fatil para los estudiantes y profesores de idiomas.<\/p>\n","protected":false},"excerpt":{"rendered":"<p>Di\u00e1logos Globales produce medios para el cambio social dise\u00f1ados para contribuir a un mundo m\u00e1s sano, m\u00e1s pac\u00edfico que se caracterice por la empat\u00eda, la compasi\u00f3n y la unidad en la diversidad. Nuestras pel\u00edculas, basadas en relatos presentados por j\u00f3venes creativos en concursos internacionales, se producen por los cineastas m\u00e1s importantes y por j\u00f3venes talentos. <a class=\"read-more\" href=\" https:\/\/globaldialogues.org\/espanol\/films\/film-production\/\">&#8230;Read More<\/a><\/p>\n","protected":false},"author":3,"featured_media":0,"parent":26,"menu_order":1,"comment_status":"open","ping_status":"open","template":"template_sidebar_left_and_extra_content.php","meta":{"footnotes":""},"class_list":["post-28","page","type-page","status-publish","hentry"],"aioseo_notices":[],"_links":{"self":[{"href":"https:\/\/globaldialogues.org\/espanol\/wp-json\/wp\/v2\/pages\/28","targetHints":{"allow":["GET"]}}],"collection":[{"href":"https:\/\/globaldialogues.org\/espanol\/wp-json\/wp\/v2\/pages"}],"about":[{"href":"https:\/\/globaldialogues.org\/espanol\/wp-json\/wp\/v2\/types\/page"}],"author":[{"embeddable":true,"href":"https:\/\/globaldialogues.org\/espanol\/wp-json\/wp\/v2\/users\/3"}],"replies":[{"embeddable":true,"href":"https:\/\/globaldialogues.org\/espanol\/wp-json\/wp\/v2\/comments?post=28"}],"version-history":[{"count":5,"href":"https:\/\/globaldialogues.org\/espanol\/wp-json\/wp\/v2\/pages\/28\/revisions"}],"predecessor-version":[{"id":457,"href":"https:\/\/globaldialogues.org\/espanol\/wp-json\/wp\/v2\/pages\/28\/revisions\/457"}],"up":[{"embeddable":true,"href":"https:\/\/globaldialogues.org\/espanol\/wp-json\/wp\/v2\/pages\/26"}],"wp:attachment":[{"href":"https:\/\/globaldialogues.org\/espanol\/wp-json\/wp\/v2\/media?parent=28"}],"curies":[{"name":"wp","href":"https:\/\/api.w.org\/{rel}","templated":true}]}}