{"id":17,"date":"2012-11-21T06:58:20","date_gmt":"2012-11-21T06:58:20","guid":{"rendered":"https:\/\/globaldialogues.org\/espanol\/?page_id=17"},"modified":"2014-12-15T22:49:40","modified_gmt":"2014-12-15T22:49:40","slug":"overview-of-the-contests","status":"publish","type":"page","link":"https:\/\/globaldialogues.org\/espanol\/contests\/overview-of-the-contests\/","title":{"rendered":"Descripci\u00f3n de los concursos"},"content":{"rendered":"<h3 align=\"center\"><strong>\u201c<strong>Porque tengo algo que quiero decir, y deseo que mi voz sea escuchada!<\/strong>\u201d<\/strong><\/h3>\n<p>Esta es por mucho la respuesta m\u00e1s com\u00fan cuando a los participantes en los concursos de Di\u00e1logos Globales \u2013 m\u00e1s de 200.000 j\u00f3venes de 75 pa\u00edses hasta el momento \u2013 se les pregunt\u00f3 por qu\u00e9 decidieron tomar parte.<\/p>\n<p>En los concursos de Di\u00e1logos Globales, j\u00f3venes de todo el mundo dan a conocer su opini\u00f3n en las historias que crean para cortometrajes sobre temas como el <strong>VIH\/SIDA<\/strong>, <strong>sexualidad<\/strong>, <strong>violencia contra la mujer o sobre alcohol<\/strong>, <strong>drogas<\/strong> y <strong>sexo<\/strong>.<\/p>\n<p>Los concursos representan una gran oportunidad para que los j\u00f3venes rompan el hielo sobre temas tab\u00fa y compartan sus opiniones con otras personas &#8211; incluyendo a los miembros de su propia familia \u2013 por lo general, por primera vez en sus vidas.<\/p>\n<p>Los participantes crean historias ficticias o reales que han vivido y desean darlas a conocer a la gente. Todas las historias son revisadas por un jurado que no s\u00f3lo selecciona a los ganadores, sino tambi\u00e9n le brinda la oportunidad de entender con profundidad la forma de pensar y de sentir de los j\u00f3venes. El trabajo primordial del\u00a0 jurado es <em>escuchar<\/em> y <em>aprender<\/em> de los j\u00f3venes para despu\u00e9s compartir ese conocimiento con los responsables clave de la toma de decisiones.<\/p>\n<p>Las historias ganadoras se traducen en pel\u00edculas de Di\u00e1logos Globales, realizadas por los directores m\u00e1s importantes del planeta y por nuevos talentos del cine, llegando a m\u00e1s de 200.000.000 de personas a trav\u00e9s de Internet y la televisi\u00f3n cada a\u00f1o.<\/p>\n<p align=\"center\"><strong>\u00a1Se escuchan las voces, alto y claro!<\/strong><strong><\/strong><\/p>\n<p>Esperamos que consideres participar, creando una historia &#8211;\u00a0 o si eres mayor de 24 a\u00f1os &#8211; apoyando a los j\u00f3venes en sus esfuerzos y dando a conocer los concursos de Di\u00e1logos Globales. \u00a1Gracias!<\/p>\n","protected":false},"excerpt":{"rendered":"<p>\u201cPorque tengo algo que quiero decir, y deseo que mi voz sea escuchada!\u201d Esta es por mucho la respuesta m\u00e1s com\u00fan cuando a los participantes en los concursos de Di\u00e1logos Globales \u2013 m\u00e1s de 200.000 j\u00f3venes de 75 pa\u00edses hasta el momento \u2013 se les pregunt\u00f3 por qu\u00e9 decidieron tomar parte. En los concursos de <a class=\"read-more\" href=\" https:\/\/globaldialogues.org\/espanol\/contests\/overview-of-the-contests\/\">&#8230;Read More<\/a><\/p>\n","protected":false},"author":3,"featured_media":0,"parent":15,"menu_order":1,"comment_status":"open","ping_status":"open","template":"template_sidebar_left_and_extra_content.php","meta":{"footnotes":""},"class_list":["post-17","page","type-page","status-publish","hentry"],"aioseo_notices":[],"_links":{"self":[{"href":"https:\/\/globaldialogues.org\/espanol\/wp-json\/wp\/v2\/pages\/17","targetHints":{"allow":["GET"]}}],"collection":[{"href":"https:\/\/globaldialogues.org\/espanol\/wp-json\/wp\/v2\/pages"}],"about":[{"href":"https:\/\/globaldialogues.org\/espanol\/wp-json\/wp\/v2\/types\/page"}],"author":[{"embeddable":true,"href":"https:\/\/globaldialogues.org\/espanol\/wp-json\/wp\/v2\/users\/3"}],"replies":[{"embeddable":true,"href":"https:\/\/globaldialogues.org\/espanol\/wp-json\/wp\/v2\/comments?post=17"}],"version-history":[{"count":8,"href":"https:\/\/globaldialogues.org\/espanol\/wp-json\/wp\/v2\/pages\/17\/revisions"}],"predecessor-version":[{"id":465,"href":"https:\/\/globaldialogues.org\/espanol\/wp-json\/wp\/v2\/pages\/17\/revisions\/465"}],"up":[{"embeddable":true,"href":"https:\/\/globaldialogues.org\/espanol\/wp-json\/wp\/v2\/pages\/15"}],"wp:attachment":[{"href":"https:\/\/globaldialogues.org\/espanol\/wp-json\/wp\/v2\/media?parent=17"}],"curies":[{"name":"wp","href":"https:\/\/api.w.org\/{rel}","templated":true}]}}