{"id":13,"date":"2012-09-25T20:38:30","date_gmt":"2012-09-25T20:38:30","guid":{"rendered":"https:\/\/globaldialogues.org\/espanol\/?page_id=13"},"modified":"2012-11-22T05:26:40","modified_gmt":"2012-11-22T05:26:40","slug":"contact-us","status":"publish","type":"page","link":"https:\/\/globaldialogues.org\/espanol\/contact-us\/","title":{"rendered":"Contacto"},"content":{"rendered":"<p>Si tienes alguna pregunta o comentario para nosotros &#8211; y especialmente si tienes sugerencias sobre c\u00f3mo podemos hacer que nuestro trabajo sea m\u00e1s \u00fatil &#8211; nos encantar\u00eda saber de ti. Puedes comunicarte con nosotros a trav\u00e9s de los enlaces de medios sociales o la direcci\u00f3n postal que se ve a la derecha, o si lo prefieres, puedes enviarnos un mensaje de correo electr\u00f3nico mediante el siguiente formulario. \u00a1Gracias!\n[contact-form-7 id=\u00bb158&#8243; title=\u00bbContact Page Form\u00bb class=\u00bbcontact_page_form\u00bb]\n","protected":false},"excerpt":{"rendered":"<p>Si tienes alguna pregunta o comentario para nosotros &#8211; y especialmente si tienes sugerencias sobre c\u00f3mo podemos hacer que nuestro trabajo sea m\u00e1s \u00fatil &#8211; nos encantar\u00eda saber de ti. Puedes comunicarte con nosotros a trav\u00e9s de los enlaces de medios sociales o la direcci\u00f3n postal que se ve a la derecha, o si lo <a class=\"read-more\" href=\" https:\/\/globaldialogues.org\/espanol\/contact-us\/\">&#8230;Read More<\/a><\/p>\n","protected":false},"author":3,"featured_media":14,"parent":0,"menu_order":0,"comment_status":"open","ping_status":"closed","template":"template_sidebar_right.php","meta":{"footnotes":""},"class_list":["post-13","page","type-page","status-publish","has-post-thumbnail","hentry"],"aioseo_notices":[],"_links":{"self":[{"href":"https:\/\/globaldialogues.org\/espanol\/wp-json\/wp\/v2\/pages\/13","targetHints":{"allow":["GET"]}}],"collection":[{"href":"https:\/\/globaldialogues.org\/espanol\/wp-json\/wp\/v2\/pages"}],"about":[{"href":"https:\/\/globaldialogues.org\/espanol\/wp-json\/wp\/v2\/types\/page"}],"author":[{"embeddable":true,"href":"https:\/\/globaldialogues.org\/espanol\/wp-json\/wp\/v2\/users\/3"}],"replies":[{"embeddable":true,"href":"https:\/\/globaldialogues.org\/espanol\/wp-json\/wp\/v2\/comments?post=13"}],"version-history":[{"count":4,"href":"https:\/\/globaldialogues.org\/espanol\/wp-json\/wp\/v2\/pages\/13\/revisions"}],"predecessor-version":[{"id":159,"href":"https:\/\/globaldialogues.org\/espanol\/wp-json\/wp\/v2\/pages\/13\/revisions\/159"}],"wp:featuredmedia":[{"embeddable":true,"href":"https:\/\/globaldialogues.org\/espanol\/wp-json\/wp\/v2\/media\/14"}],"wp:attachment":[{"href":"https:\/\/globaldialogues.org\/espanol\/wp-json\/wp\/v2\/media?parent=13"}],"curies":[{"name":"wp","href":"https:\/\/api.w.org\/{rel}","templated":true}]}}