{"id":11,"date":"2012-11-21T06:51:38","date_gmt":"2012-11-21T06:51:38","guid":{"rendered":"https:\/\/globaldialogues.org\/espanol\/?page_id=11"},"modified":"2014-08-20T19:35:20","modified_gmt":"2014-08-20T19:35:20","slug":"how-to-help","status":"publish","type":"page","link":"https:\/\/globaldialogues.org\/espanol\/about-us\/how-to-help\/","title":{"rendered":"C\u00f3mo ayudar"},"content":{"rendered":"<div class=\"widget_container donate_chrome\" ><div class=\"widget_title\"><h3>Haz una Donaci\u00f3n<\/h3><\/div>\n<div class=\"sc_paypal\"><form action=\"https:\/\/www.paypal.com\/cgi-bin\/webscr\" method=\"post\">\t\r\n            <input type=\"hidden\" name=\"cmd\" value=\"_donations\" class=\"donate_type\">\r\n            <input type=\"hidden\" name=\"business\" value=\"6D8LNKEPGFMLC\">\t\r\n            <input type=\"hidden\" name=\"lc\" value=\"US\">\r\n            <input type=\"hidden\" name=\"currency_code\" value=\"USD\">            \t\r\n            <input type=\"hidden\" name=\"item_name\" value=\"Global Dialogues - Donation\">\r\n            <input type=\"hidden\" name=\"return\" value=\"https:\/\/globaldialogues.org\/espanol\/about-us\/how-to-help\/\">\r\n            <input type=\"hidden\" name=\"cancel_return\" value=\"https:\/\/globaldialogues.org\/espanol\/about-us\/how-to-help\/\">\r\n            <input type=\"hidden\" name=\"p3\" value=\"1\">\r\n            <input type=\"hidden\" name=\"t3\" value=\"M\">\r\n            <input type=\"hidden\" name=\"srt\" value=\"0\">\r\n            <input type=\"hidden\" name=\"src\" value=\"1\">\r\n            <input type=\"hidden\" name=\"no_note\" value=\"1\">\r\n            <select class=\"donate_amount\" name=\"amount\">\r\n                <option value=\"5.00\">US$5.00<\/option>\r\n                <option value=\"10.00\">US$10.00<\/option>\r\n                <option value=\"25.00\">US$25.00<\/option>\r\n                <option value=\"50.00\">US$50.00<\/option>\r\n                <option value=\"100.00\">US$100.00<\/option>\r\n                <option class=\"donation_other\" value=\"\">Other Amount<\/option>\r\n            <\/select>\r\n            <input type=\"submit\" class=\"button dark_blue smaller\"  border=\"0\" name=\"submit\" alt=\"Pay through Paypal\" value=\"Donativo\">\r\n            <span class=\"sub_checkbox\">\r\n            \t<input type=\"checkbox\" id=\"subscription_on\">Make this a monthly subscription\r\n\t\t\t<\/span>\r\n            \r\n        <\/form><p>Existe seguridad a trav\u00e9s de:<br \/>\r\n\t<img decoding=\"async\" alt=\"\" border=\"0\" src=\"https:\/\/globaldialogues.org\/espanol\/wp-content\/themes\/global\/images\/paypal_logo.png \"><span class=\"no_signup\">No requiere registro.<\/span><\/p><\/div><script >\r\n\t\t\r\n\t\t\tjQuery(document).ready(function() {\r\n\t\t\t\tvar subCheck = jQuery('input#subscription_on');\r\n\t\t\t\tvar donateAmt = jQuery('.donate_amount');\r\n\t\t\t\tvar donateOther = jQuery('.donation_other');\r\n\t\t\t\tvar donateType = jQuery('.donate_type');\r\n\t\t\t\t\r\n\t\t\t\t\r\n\t\t\t\tjQuery(subCheck).change( function() {\t\r\n\t\t\t\t\tif(jQuery(this).is(':checked')) {\t\t\t\t\t\t\r\n\t\t\t\t\t\t\/\/ do stuff to the form for the subscription\t\t\t\t\t\t\r\n\t\t\t\t\t\tjQuery(donateAmt).attr('name', 'a3');\r\n\t\t\t\t\t\tjQuery(donateAmt).val(jQuery('.donate_amount option:first').val());\r\n\t\t\t\t\t\tjQuery(donateOther).hide();\r\n\t\t\t\t\t\tjQuery(donateType).val('_xclick-subscriptions');\t\r\n\t\t\t\t\t} else {\r\n\t\t\t\t\t\t\/\/ do stuff to form for donation\t\t\t\t\t\t\r\n\t\t\t\t\t\tjQuery(donateAmt).attr('name', 'amount');\r\n\t\t\t\t\t\tjQuery(donateOther).show();\r\n\t\t\t\t\t\tjQuery(donateType).val('_donations');\t\t\t\t\t\t\r\n\t\t\t\t\t}\r\n\t\t\t\t});\t\t\t\r\n\t\t\t});\r\n\t\t\r\n\t\t<\/script>\n<\/div>\n<span class=\"sc_quotebox\">\nTracy Kidder, Monta\u00f1as: La Lucha del Doctor Paul Farmer por Curar el Mundo\n<span class=\"small_quote\">&nbsp;<\/span><\/span>\n<p>En Di\u00e1logos Globales, estamos orgullosos de la reputaci\u00f3n que tenemos por nuestra integridad financiera e historial de aprovechar al m\u00e1ximo cada d\u00f3lar, euro o libra esterlina. Mantenemos nuestros gastos generales extraordinariamente bajos y somos eficientes para asegurar el apoyo en especie a fin de ampliar el impacto de los fondos que recibimos. Estar\u00edamos muy agradecidos si nos apoyas. Gracias.<\/p>\n<div id=\"how_help_tabs\" class=\"sc_tabs\" ><ul><li class=\"\"><a href=\"#donate\">Donaci\u00f3n<\/a><\/li><li class=\"\"><a href=\"#spread_the_word\">Corre la voz<\/a><\/li><li class=\"\"><a href=\"#volunteer\">Unete como voluntario<\/a><\/li><\/ul><div id=\"donate\" class=\"tab_item\" style=\"display:none;\" >\n\n<p>Es por donaciones generosas como la tuya, que somos capaces de hacer lo que hacemos. Gracias.<\/p>\n<p>Haz una Donaci\u00f3n: Con PayPal tarda s\u00f3lo un par de minutos.<\/p>\n<div class=\"sc_paypal\"><form action=\"https:\/\/www.paypal.com\/cgi-bin\/webscr\" method=\"post\">\t\r\n            <input type=\"hidden\" name=\"cmd\" value=\"_donations\" class=\"donate_type\">\r\n            <input type=\"hidden\" name=\"business\" value=\"6D8LNKEPGFMLC\">\t\r\n            <input type=\"hidden\" name=\"lc\" value=\"US\">\r\n            <input type=\"hidden\" name=\"currency_code\" value=\"USD\">            \t\r\n            <input type=\"hidden\" name=\"item_name\" value=\"Global Dialogues - Donation\">\r\n            <input type=\"hidden\" name=\"return\" value=\"https:\/\/globaldialogues.org\/espanol\/about-us\/how-to-help\/\">\r\n            <input type=\"hidden\" name=\"cancel_return\" value=\"https:\/\/globaldialogues.org\/espanol\/about-us\/how-to-help\/\">\r\n            <input type=\"hidden\" name=\"p3\" value=\"1\">\r\n            <input type=\"hidden\" name=\"t3\" value=\"M\">\r\n            <input type=\"hidden\" name=\"srt\" value=\"0\">\r\n            <input type=\"hidden\" name=\"src\" value=\"1\">\r\n            <input type=\"hidden\" name=\"no_note\" value=\"1\">\r\n            <select class=\"donate_amount\" name=\"amount\">\r\n                <option value=\"5.00\">US$5.00<\/option>\r\n                <option value=\"10.00\">US$10.00<\/option>\r\n                <option value=\"25.00\">US$25.00<\/option>\r\n                <option value=\"50.00\">US$50.00<\/option>\r\n                <option value=\"100.00\">US$100.00<\/option>\r\n                <option class=\"donation_other\" value=\"\">Other Amount<\/option>\r\n            <\/select>\r\n            <input type=\"submit\" class=\"button dark_blue smaller\"  border=\"0\" name=\"submit\" alt=\"Pay through Paypal\" value=\"Donativo\">\r\n            <span class=\"sub_checkbox\">\r\n            \t<input type=\"checkbox\" id=\"subscription_on\">Make this a monthly subscription\r\n\t\t\t<\/span>\r\n            \r\n        <\/form><p>Existe seguridad a trav\u00e9s de:<br \/>\r\n\t<img decoding=\"async\" alt=\"\" border=\"0\" src=\"https:\/\/globaldialogues.org\/espanol\/wp-content\/themes\/global\/images\/paypal_logo.png \"><span class=\"no_signup\">No requiere registro.<\/span><\/p><\/div><script >\r\n\t\t\r\n\t\t\tjQuery(document).ready(function() {\r\n\t\t\t\tvar subCheck = jQuery('input#subscription_on');\r\n\t\t\t\tvar donateAmt = jQuery('.donate_amount');\r\n\t\t\t\tvar donateOther = jQuery('.donation_other');\r\n\t\t\t\tvar donateType = jQuery('.donate_type');\r\n\t\t\t\t\r\n\t\t\t\t\r\n\t\t\t\tjQuery(subCheck).change( function() {\t\r\n\t\t\t\t\tif(jQuery(this).is(':checked')) {\t\t\t\t\t\t\r\n\t\t\t\t\t\t\/\/ do stuff to the form for the subscription\t\t\t\t\t\t\r\n\t\t\t\t\t\tjQuery(donateAmt).attr('name', 'a3');\r\n\t\t\t\t\t\tjQuery(donateAmt).val(jQuery('.donate_amount option:first').val());\r\n\t\t\t\t\t\tjQuery(donateOther).hide();\r\n\t\t\t\t\t\tjQuery(donateType).val('_xclick-subscriptions');\t\r\n\t\t\t\t\t} else {\r\n\t\t\t\t\t\t\/\/ do stuff to form for donation\t\t\t\t\t\t\r\n\t\t\t\t\t\tjQuery(donateAmt).attr('name', 'amount');\r\n\t\t\t\t\t\tjQuery(donateOther).show();\r\n\t\t\t\t\t\tjQuery(donateType).val('_donations');\t\t\t\t\t\t\r\n\t\t\t\t\t}\r\n\t\t\t\t});\t\t\t\r\n\t\t\t});\r\n\t\t\r\n\t\t<\/script>\n<div class=\"clear\" ><\/div><\/div><div id=\"spread_the_word\" class=\"tab_item\" style=\"display:none;\" >\n\n<p>Por favor, ay\u00fadanos a difundir lo que estamos haciendo a trav\u00e9s de las redes sociales, el correo electr\u00f3nico o incluso en tu propio sitio web &#8211; lo que funcione para ti. Hemos tratado de hacerlo m\u00e1s f\u00e1cil y r\u00e1pido con los siguientes enlaces y el texto sugerido. \u00a1Muchas gracias!<\/p>\n<h2>Los medios sociales<\/h2>\n    \r\n\t<div class=\"facebook_share\" >\r\n\t<textarea class=\"share_msg\" >\nParticipa en el \u00faltimo concurso de Di\u00e1logos Globales creando una historia sobre VIH\/SIDA, sexualidad, violencia contra la mujer o sobre drogas, alcohol y sexo. Los detalles completos del concurso, incluyendo los premios que ganar\u00e1n, se encuentran en <a href=\"http:\/\/www.globaldialogues.org\">www.globaldialogues.org<\/a> Fecha l\u00edmite: 31 de marzo de 2015. \u00a1Buena suerte!\n<\/textarea>\r\n\t<a class=\"button send\" target=\"_blank\" href=\"https:\/\/www.facebook.com\/sharer\/sharer.php?s=100&p%5Burl%5D=https%3A%2F%2Fglobaldialogues.org%2Fespanol&p%5Btitle%5D=Global+Dialogues+-+Espa%C3%B1ol&p%5Bsummary%5D=%0AParticipa+en+el+%C3%BAltimo+concurso+de+Di%C3%A1logos+Globales+creando+una+historia+sobre+VIH%2FSIDA%2C+sexualidad%2C+violencia+contra+la+mujer+o+sobre+drogas%2C+alcohol+y+sexo.+Los+detalles+completos+del+concurso%2C+incluyendo+los+premios+que+ganar%C3%A1n%2C+se+encuentran+en+%3Ca+href%3D%22http%3A%2F%2Fwww.globaldialogues.org%22%3Ewww.globaldialogues.org%3C%2Fa%3E+Fecha+l%C3%ADmite%3A+31+de+marzo+de+2015.+%C2%A1Buena+suerte%21%0A\">Post-it<\/a>\t\r\n\t<\/div>\r\n    \r\n    <script type=\"text\/javascript\">\r\n\t\t$(document).ready(function(){\r\n\t\t\t\/\/target the text box\r\n\t\t\tvar textarea = $('.facebook_share .share_msg');\t\r\n\t\t\tvar baseurl = \"https:\/\/www.facebook.com\/sharer\/sharer.php?s=100&p%5Burl%5D=http%3A%2F%2Fglobaldialogues.org&p%5Btitle%5D=GlobalDialogues&p%5Bsummary%5D=\";\t\t\r\n\t\t\ttextarea.keyup(function() {\r\n\t\t\t\t$(\".facebook_share a.send\").attr(\"href\", baseurl + encodeURI(textarea.val()));\t\t\t\r\n\t\t\t})\t\r\n\t\t});    \r\n\t<\/script>\r\n    \r\n<div class=\"col_4\" >\n\n<\/div>\n\t<div class=\"twitter_share\" >        \r\n        <div class=\"share_info\">        \r\n            <textarea class=\"share_msg\" >\n<p>Participa en el \u00faltimo concurso de Di\u00e1logos Globales creando una historia sobre VIH\/SIDA, sexualidad, violencia contra la mujer o sobre drogas, alcohol y sexo. Los detalles completos del concurso, incluyendo los premios que ganar\u00e1n, se encuentran en <a href=\"http:\/\/www.globaldialogues.org\">www.globaldialogues.org<\/a> Fecha l\u00edmite: 31 de marzo de 2015. \u00a1Buena suerte!<\/p>\n<\/textarea>\r\n            <a class=\"button send\" target=\"_blank\" href=\"http:\/\/twitter.com\/intent\/tweet?status=%0A%3Cp%3EParticipa+en+el+%C3%BAltimo+concurso+de+Di%C3%A1logos+Globales+creando+una+historia+sobre+VIH%2FSIDA%2C+sexualidad%2C+violencia+contra+la+mujer+o+sobre+drogas%2C+alcohol+y+sexo.+Los+detalles+completos+del+concurso%2C+incluyendo+los+premios+que+ganar%C3%A1n%2C+se+encuentran+en+%3Ca+href%3D%22http%3A%2F%2Fwww.globaldialogues.org%22%3Ewww.globaldialogues.org%3C%2Fa%3E+Fecha+l%C3%ADmite%3A+31+de+marzo+de+2015.+%C2%A1Buena+suerte%21%3C%2Fp%3E%0A\">Tweet<\/a>\t\r\n        <\/div>\r\n\t<\/div>\r\n    \r\n    <script type=\"text\/javascript\">\r\n\t\t$(document).ready(function(){\r\n\t\t\t\/\/target the text box\r\n\t\t\tvar textarea = $('.twitter_share .share_msg');\t\r\n\t\t\tvar baseurl = \"http:\/\/twitter.com\/intent\/tweet?status=\";\t\t\r\n\t\t\ttextarea.keyup(function() {\r\n\t\t\t\t$(\".twitter_share a.send\").attr(\"href\", baseurl + encodeURI(textarea.val()));\t\t\t\r\n\t\t\t})\t\r\n\t\t});    \r\n\t<\/script>\r\n<div class=\"col_4 last suf_1\" >\n\n<\/div>\n<div class=\"clear\" ><\/div>\n\t<div class=\"linkedin_share\" >\r\n\t<textarea class=\"share_msg\" >\nParticipa en el \u00faltimo concurso de Di\u00e1logos Globales creando una historia sobre VIH\/SIDA, sexualidad, violencia contra la mujer o sobre drogas, alcohol y sexo. Los detalles completos del concurso, incluyendo los premios que ganar\u00e1n, se encuentran en <a href=\"http:\/\/www.globaldialogues.org\">www.globaldialogues.org<\/a> Fecha l\u00edmite: 31 de marzo de 2015. \u00a1Buena suerte!\n<\/textarea>\r\n\t<a class=\"button send\" target=\"_blank\" href=\"http:\/\/www.linkedin.com\/shareArticle?mini=false&url=https%3A%2F%2Fglobaldialogues.org%2Fespanol&title=Global+Dialogues+-+Espa%C3%B1ol&ro=false&summary=%0AParticipa+en+el+%C3%BAltimo+concurso+de+Di%C3%A1logos+Globales+creando+una+historia+sobre+VIH%2FSIDA%2C+sexualidad%2C+violencia+contra+la+mujer+o+sobre+drogas%2C+alcohol+y+sexo.+Los+detalles+completos+del+concurso%2C+incluyendo+los+premios+que+ganar%C3%A1n%2C+se+encuentran+en+%3Ca+href%3D%22http%3A%2F%2Fwww.globaldialogues.org%22%3Ewww.globaldialogues.org%3C%2Fa%3E+Fecha+l%C3%ADmite%3A+31+de+marzo+de+2015.+%C2%A1Buena+suerte%21%0A\">Compartir<\/a>\t\r\n\t<\/div>\r\n    \r\n    <script type=\"text\/javascript\">\r\n\t\t$(document).ready(function(){\r\n\t\t\t\/\/target the text box\r\n\t\t\tvar textarea = $('.linkedin_share .share_msg');\t\r\n\t\t\tvar baseurl = \"http:\/\/www.linkedin.com\/shareArticle?mini=true&url=https%3A%2F%2Fglobaldialogues.org%2Fespanol&title=Global+Dialogues+-+Espa%C3%B1ol&ro=false&summary=\";\t\t\r\n\t\t\ttextarea.keyup(function() {\r\n\t\t\t\t$(\".linkedin_share a.send\").attr(\"href\", baseurl + encodeURI(textarea.val()));\t\t\t\r\n\t\t\t})\t\r\n\t\t});    \r\n\t<\/script>\r\n    \r\n<div class=\"col_4\" >\n\n<\/div>\n<div class=\"col_4 last suf_1\" >\n<h2>Compartir<\/h2>\n<a href=\"http:\/\/pinterest.com\/pin\/create\/button\/?url=https%3A%2F%2Fglobaldialogues.org%2Fespanol&media=https%3A%2F%2Fglobaldialogues.org%2Fespanol%2Fwp-content%2Fthemes%2Fglobal%2Fimages%2Fglobal_logo.png\" class=\"pin-it-button\" count-layout=\"vertical\"><img decoding=\"async\" border=\"0\" src=\"\/\/assets.pinterest.com\/images\/PinExt.png\" title=\"Pin It\" \/><\/a><script type=\"text\/javascript\" src=\"\/\/assets.pinterest.com\/js\/pinit.js\"><\/script>\n<div class=\"g-plusone\" data-size=\"tall\"><\/div><script type=\"text\/javascript\">\r\n\t\t\t\t  (function() {\r\n\t\t\t\t\tvar po = document.createElement('script'); po.type = 'text\/javascript'; po.async = true;\r\n\t\t\t\t\tpo.src = 'https:\/\/apis.google.com\/js\/plusone.js';\r\n\t\t\t\t\tvar s = document.getElementsByTagName('script')[0]; s.parentNode.insertBefore(po, s);\r\n\t\t\t\t  })();\r\n\t\t\t\t<\/script>\n<\/div>\n<div class=\"clear\" ><\/div>\n<div class=\"col_4 help_contact_form\" >\n<h2>E-mail<\/h2>\n[contact-form-7 id=\u00bb160&#8243; title=\u00bbHow to help\u00bb]\n<\/div>\n<div class=\"col_4 last suf_1\" >\n<h2>Insertar en tu web o blog<\/h2>\n<div class=\"sc_select_embed\" ><textarea>\n<p><strong>Concurso Internacional Creativo de Di\u00e1logos Globales en marzo 31 de 2015<\/strong><\/p>\n<p>Participa en el \u00faltimo concurso de Di\u00e1logos Globales con una historia para un cortometraje sobre el VIH \/ SIDA y sexualidad o la violencia. Los detalles completos del concurso, incluyendo los premios a ganar, est\u00e1n en <a href=\"http:\/\/www.globaldialogues.org\">www.globaldialogues.org<\/a>. Fecha l\u00edmite: 31 de marzo de 2015. \u00a1Buena suerte!<\/p>\n<\/textarea><a class=\"button\" >Copiar al portapapeles<\/a><\/div><script type=\"text\/javascript\">\r\n\t\tjQuery(\".sc_select_embed a\").click(function() {\t\t\r\n\t\t\tjQuery(\".sc_select_embed textarea\").focus();\r\n\t\t\tjQuery(\".sc_select_embed textarea\").select();\r\n\t\t});\t\r\n\t<\/script>\n<br \/>\n<\/div>\n<div class=\"clear\" ><\/div><\/div><div id=\"volunteer\" class=\"tab_item\" style=\"display:none;\" >\n\n<p>Si pudieras ahorrar una hora o dos (o m\u00e1s) para echarnos una mano, por favor ponte en contacto llenando el siguiente formulario. Gracias.<\/p>\n<hr \/>\n[contact-form-7 id=\u00bb162&#8243; title=\u00bbVolunteer Form\u00bb]\n<div class=\"clear\" ><\/div><\/div><\/div><div style=\"display:none;\"><script type=\"text\/javascript\">jQuery(document).ready(function(){\r\n\t\tjQuery('#how_help_tabs div.tab_item:first').show();\r\n\t\tjQuery('#how_help_tabs ul li:first').addClass('active');\r\n\t\tjQuery('#how_help_tabs ul li a').click(function(){\r\n\t\tjQuery('#how_help_tabs ul li').removeClass('active');\r\n\t\tjQuery(this).parent().addClass('active');\r\n\t\tvar currentTab = jQuery(this).attr('href');\r\n\t\tjQuery('#how_help_tabs div.tab_item').hide();\r\n\t\tjQuery(currentTab).show();\r\n\t\treturn false;\r\n\t\t});\r\n\t});<\/script><\/div>\n","protected":false},"excerpt":{"rendered":"<p>En Di\u00e1logos Globales, estamos orgullosos de la reputaci\u00f3n que tenemos por nuestra integridad financiera e historial de aprovechar al m\u00e1ximo cada d\u00f3lar, euro o libra esterlina. Mantenemos nuestros gastos generales extraordinariamente bajos y somos eficientes para asegurar el apoyo en especie a fin de ampliar el impacto de los fondos que recibimos. Estar\u00edamos muy agradecidos <a class=\"read-more\" href=\" https:\/\/globaldialogues.org\/espanol\/about-us\/how-to-help\/\">&#8230;Read More<\/a><\/p>\n","protected":false},"author":3,"featured_media":0,"parent":6,"menu_order":5,"comment_status":"open","ping_status":"open","template":"template_sidebar_left.php","meta":{"footnotes":""},"class_list":["post-11","page","type-page","status-publish","hentry"],"aioseo_notices":[],"_links":{"self":[{"href":"https:\/\/globaldialogues.org\/espanol\/wp-json\/wp\/v2\/pages\/11","targetHints":{"allow":["GET"]}}],"collection":[{"href":"https:\/\/globaldialogues.org\/espanol\/wp-json\/wp\/v2\/pages"}],"about":[{"href":"https:\/\/globaldialogues.org\/espanol\/wp-json\/wp\/v2\/types\/page"}],"author":[{"embeddable":true,"href":"https:\/\/globaldialogues.org\/espanol\/wp-json\/wp\/v2\/users\/3"}],"replies":[{"embeddable":true,"href":"https:\/\/globaldialogues.org\/espanol\/wp-json\/wp\/v2\/comments?post=11"}],"version-history":[{"count":20,"href":"https:\/\/globaldialogues.org\/espanol\/wp-json\/wp\/v2\/pages\/11\/revisions"}],"predecessor-version":[{"id":441,"href":"https:\/\/globaldialogues.org\/espanol\/wp-json\/wp\/v2\/pages\/11\/revisions\/441"}],"up":[{"embeddable":true,"href":"https:\/\/globaldialogues.org\/espanol\/wp-json\/wp\/v2\/pages\/6"}],"wp:attachment":[{"href":"https:\/\/globaldialogues.org\/espanol\/wp-json\/wp\/v2\/media?parent=11"}],"curies":[{"name":"wp","href":"https:\/\/api.w.org\/{rel}","templated":true}]}}