{"id":10,"date":"2012-11-21T06:49:28","date_gmt":"2012-11-21T06:49:28","guid":{"rendered":"https:\/\/globaldialogues.org\/espanol\/?page_id=10"},"modified":"2013-01-11T21:51:51","modified_gmt":"2013-01-11T21:51:51","slug":"our-history","status":"publish","type":"page","link":"https:\/\/globaldialogues.org\/espanol\/about-us\/our-history\/","title":{"rendered":"Nuestra historia"},"content":{"rendered":"<p>Siempre que contamos la historia de Di\u00e1logos Globales, expresamos nuestro agradecimiento a nuestros amigos, Jayle Didier y Antonio Ugidos. Junto con sus colegas en\u00a0<a title=\"CRIPS\" href=\"http:\/\/lecrips-idf.net\" target=\"_blank\">CRIPS<\/a>\u00a0Par\u00eds, a principios de los noventa, concibieron e implementaron un proyecto innovador llamado 3000 Historias contra un virus. Su enfoque participativo y multidisciplinario, basado en el respeto a las perspectivas de los j\u00f3venes y la amplificaci\u00f3n de sus opiniones utilizando los medios de comunicaci\u00f3n para el cambio social, fue notable por su humildad y efectividad duradera. Agradecemos a Didier y Antonio por su bendici\u00f3n cuando iniciamos en 1997, la Global Dialogues Trust y preguntamos si pod\u00edamos inspirarnos en su obra.<\/p>\n<p>Ese mismo a\u00f1o, se puso a prueba el concepto 3.000 Historias en tres pa\u00edses de \u00c1frica Occidental. Miles de j\u00f3venes participaron en el concurso inicial \u00abHistorias del Sahel\u201d con una historia para un cortometraje sobre el VIH\/SIDA, y los cineastas m\u00e1s importantes del mundo trabajaron para llevar a la pantalla las historias ganadoras. En 2002, el proyecto creci\u00f3 para convertirse en\u00a0\u201c<a title=\"Historias de \u00c1frica\" href=\"http:\/\/www.scenariosafrica.org\" target=\"_blank\">Historias de \u00c1frica<\/a>\u201d, y en la d\u00e9cada siguiente se extendi\u00f3 a todos los rincones del continente e incluso lleg\u00f3 a los africanos que viv\u00edan en el extranjero. De 1997 a 2012, m\u00e1s de 150.000 j\u00f3venes de 50 pa\u00edses participaron en los concursos de escenarios de Di\u00e1logos Globales. Se produjeron, adem\u00e1s, 39 pel\u00edculas basadas en los guiones ganadores, las cuales estuvieron disponibles en 29 idiomas y distribuidas para alcanzar a m\u00e1s de 200 millones de personas cada a\u00f1o. Las pel\u00edculas de Di\u00e1logos Globales son algunos de los recursos educativos m\u00e1s utilizados en la respuesta al VIH \/ SIDA en \u00c1frica y se pueden ver adem\u00e1s documentales sobre Escenarios de \u00c1frica, en\u00a0<a title=\"Global Dialogues YouTube Channel\" href=\"http:\/\/www.youtube.com\/watch?v=buCkXKVtvTI&amp;list=PLD02D977C94E49465&amp;index=2&amp;feature=plpp_video\" target=\"_blank\">www.youtube.com\/globaldialogues<\/a>.<\/p>\n<p>Nuestro programa y metodolog\u00edas han evolucionado bastante desde que el proyecto se lanz\u00f3 por primera vez. El enfoque tem\u00e1tico que en un inicio fue s\u00f3lo sobre VIH \/ SIDA se ha ampliado con otros temas de inter\u00e9s prioritario para los j\u00f3venes y sus comunidades. En respuesta a la demanda por el proceso y los resultados m\u00e1s all\u00e1 de \u00c1frica, el proyecto se ampli\u00f3 para convertirse en una empresa mundial a finales de 2012, que ahora lleva el nombre de la organizaci\u00f3n coordinadora, Di\u00e1logos Globales.<\/p>\n","protected":false},"excerpt":{"rendered":"<p>Siempre que contamos la historia de Di\u00e1logos Globales, expresamos nuestro agradecimiento a nuestros amigos, Jayle Didier y Antonio Ugidos. Junto con sus colegas en\u00a0CRIPS\u00a0Par\u00eds, a principios de los noventa, concibieron e implementaron un proyecto innovador llamado 3000 Historias contra un virus. Su enfoque participativo y multidisciplinario, basado en el respeto a las perspectivas de los <a class=\"read-more\" href=\" https:\/\/globaldialogues.org\/espanol\/about-us\/our-history\/\">&#8230;Read More<\/a><\/p>\n","protected":false},"author":1,"featured_media":0,"parent":6,"menu_order":4,"comment_status":"open","ping_status":"open","template":"template_sidebar_left_and_extra_content.php","meta":{"footnotes":""},"class_list":["post-10","page","type-page","status-publish","hentry"],"aioseo_notices":[],"_links":{"self":[{"href":"https:\/\/globaldialogues.org\/espanol\/wp-json\/wp\/v2\/pages\/10","targetHints":{"allow":["GET"]}}],"collection":[{"href":"https:\/\/globaldialogues.org\/espanol\/wp-json\/wp\/v2\/pages"}],"about":[{"href":"https:\/\/globaldialogues.org\/espanol\/wp-json\/wp\/v2\/types\/page"}],"author":[{"embeddable":true,"href":"https:\/\/globaldialogues.org\/espanol\/wp-json\/wp\/v2\/users\/1"}],"replies":[{"embeddable":true,"href":"https:\/\/globaldialogues.org\/espanol\/wp-json\/wp\/v2\/comments?post=10"}],"version-history":[{"count":5,"href":"https:\/\/globaldialogues.org\/espanol\/wp-json\/wp\/v2\/pages\/10\/revisions"}],"predecessor-version":[{"id":188,"href":"https:\/\/globaldialogues.org\/espanol\/wp-json\/wp\/v2\/pages\/10\/revisions\/188"}],"up":[{"embeddable":true,"href":"https:\/\/globaldialogues.org\/espanol\/wp-json\/wp\/v2\/pages\/6"}],"wp:attachment":[{"href":"https:\/\/globaldialogues.org\/espanol\/wp-json\/wp\/v2\/media?parent=10"}],"curies":[{"name":"wp","href":"https:\/\/api.w.org\/{rel}","templated":true}]}}